
{"id":31247,"date":"2024-05-30T15:19:32","date_gmt":"2024-05-30T15:19:32","guid":{"rendered":"https:\/\/fello.pet\/bobtail\/"},"modified":"2024-05-30T15:25:07","modified_gmt":"2024-05-30T15:25:07","slug":"bobtail","status":"publish","type":"page","link":"https:\/\/fello.pet\/es\/bobtail\/","title":{"rendered":"Bobtail"},"content":{"rendered":"\n<p><strong><em><strong><em>El Bobtail es una raza tranquila y cari\u00f1osa. Es muy raro verlo agresivo o nervioso. Suelen llevarse bien con los ni\u00f1os. Los cachorros son ruidosos, traviesos y muy torpes. Se necesita un adiestramiento consistente y cuidadoso para convertirlos en buenos acogedores.<\/em><\/strong><\/em><\/strong><\/p>\n\n\n\n<div class=\"wp-block-columns is-layout-flex wp-container-core-columns-is-layout-9d6595d7 wp-block-columns-is-layout-flex\">\n<div class=\"wp-block-column is-layout-flow wp-block-column-is-layout-flow\"><h2 class=\"simpletoc-title\">Tabla de \u0421ontenido<\/h2>\n<ul class=\"simpletoc-list\">\n<li><a href=\"#informacion-de-la-raza\">Informaci\u00f3n de la Raza<\/a>\n\n<\/li>\n<li><a href=\"#fotos-de-la-raza\">Fotos de la Raza<\/a>\n\n<\/li>\n<li><a href=\"#historia-de-origen\">Historia de Origen<\/a>\n\n<\/li>\n<li><a href=\"#apariencia\">Apariencia<\/a>\n\n<\/li>\n<li><a href=\"#personaje\">Personaje<\/a>\n\n<\/li>\n<li><a href=\"#cuidado\">Cuidado<\/a>\n\n<\/li>\n<li><a href=\"#formacion\">Formaci\u00f3n<\/a>\n\n<\/li>\n<li><a href=\"#enfermedades-comunes\">Enfermedades Comunes<\/a>\n\n<\/li>\n<li><a href=\"#nutricion\">Nutrici\u00f3n<\/a>\n<\/li><\/ul><\/div>\n\n\n\n<div class=\"wp-block-column is-layout-flow wp-block-column-is-layout-flow\"><h2 class=\"wp-block-heading\" id=\"informacion-de-la-raza\">Informaci\u00f3n de la Raza<\/h2>\n\n\n<figure class=\"wp-block-table alignleft\" style=\"font-size:18px\"><table class=\"has-fixed-layout\"><tbody><tr><td>Otro Nombre<\/td><td>Antiguo pastor ingl\u00e9s<\/td><\/tr><tr><td>Origen<\/td><td>Inglaterra<\/td><\/tr><tr><td>Altura<\/td><td>Machos a partir de 54 cm<br>Hembras a partir de 52 cm<\/td><\/tr><tr><td>Peso<\/td><td>Seg\u00fan el sexo, de 27 a 45 kg<\/td><\/tr><tr><td>Pelo<\/td><td>Exuberante, \u00e1spero, ondulado, con un buen subpelo<\/td><\/tr><tr><td>Color<\/td><td>Gris-azul, blanco en tonos azulados, a veces con marcas blancas<\/td><\/tr><tr><td>Esperanza de Vida<\/td><td>10-12 a\u00f1os<\/td><\/tr><tr><td>Clasificaci\u00f3n FCI<\/td><td>Perros de pastor y perros boyeros (excepto perros boyeros suizos)<\/td><\/tr><tr><td>Grupo<\/td><td>Perros para ni\u00f1os, perros de adorno, perros de trineo<\/td><\/tr><tr><td>Precio<\/td><td>Desde $100<\/td><\/tr><\/tbody><\/table><\/figure>\n<\/div>\n<\/div>\n\n\n<h2 class=\"wp-block-heading\" id=\"fotos-de-la-raza\">Fotos de la Raza<\/h2>\n\n<div class=\"pgc-sgb-cb wp-block-pgcsimplygalleryblock-justified \" data-gallery-id=\"65461660\"><div class=\"sgb-preloader\" id=\"pr_65461660\">\n\t<div class=\"sgb-square\" style=\"background:#d4d4d4\"><\/div>\n\t<div class=\"sgb-square\" style=\"background:#d4d4d4\"><\/div>\n\t<div class=\"sgb-square\" style=\"background:#d4d4d4\"><\/div>\n\t<div class=\"sgb-square\" style=\"background:#d4d4d4\"><\/div><\/div><div class=\"simply-gallery-amp pgc_sgb_slider \"><noscript><div class=\"sgb-gallery\"><div class=\"sgb-item\"><a href=\"https:\/\/fello.pet\/?attachment_id=599#main\" target=\"_blank\"><img decoding=\"async\" alt=\"Old English Sheepdog (Bobtail)\" width=\"645\" height=\"380\" loading=\"lazy\" src=\"https:\/\/fello.pet\/wp-content\/uploads\/2022\/03\/Old-English-Sheepdog-Bobtail-3.jpg\" srcset=\",https:\/\/fello.pet\/wp-content\/uploads\/2022\/03\/Old-English-Sheepdog-Bobtail-3.jpg 645w\" sizes=\"auto, 250px\"\/><\/a><\/div><div class=\"sgb-item\"><a href=\"https:\/\/fello.pet\/?attachment_id=601#main\" target=\"_blank\"><img decoding=\"async\" alt=\"Old English Sheepdog (Bobtail)\" width=\"600\" height=\"400\" loading=\"lazy\" src=\"https:\/\/fello.pet\/wp-content\/uploads\/2022\/03\/Old-English-Sheepdog-Bobtail-2-600x400.jpg\" srcset=\"https:\/\/fello.pet\/wp-content\/uploads\/2022\/03\/Old-English-Sheepdog-Bobtail-2-600x400.jpg 600w,https:\/\/fello.pet\/wp-content\/uploads\/2022\/03\/Old-English-Sheepdog-Bobtail-2-1200x800.jpg 1200w,https:\/\/fello.pet\/wp-content\/uploads\/2022\/03\/Old-English-Sheepdog-Bobtail-2.jpg 2121w\" sizes=\"auto, 250px\"\/><\/a><\/div><div class=\"sgb-item\"><a href=\"https:\/\/fello.pet\/?attachment_id=603#main\" target=\"_blank\"><img decoding=\"async\" alt=\"Old English Sheepdog (Bobtail)\" width=\"711\" height=\"400\" loading=\"lazy\" src=\"https:\/\/fello.pet\/wp-content\/uploads\/2022\/03\/Old-English-Sheepdog-Bobtail-1-711x400.jpg\" srcset=\"https:\/\/fello.pet\/wp-content\/uploads\/2022\/03\/Old-English-Sheepdog-Bobtail-1-711x400.jpg 711w,https:\/\/fello.pet\/wp-content\/uploads\/2022\/03\/Old-English-Sheepdog-Bobtail-1-1400x788.jpg 1400w,https:\/\/fello.pet\/wp-content\/uploads\/2022\/03\/Old-English-Sheepdog-Bobtail-1-scaled.jpg 2560w\" sizes=\"auto, 250px\"\/><\/a><\/div><\/div><\/noscript><\/div><script type=\"application\/json\" class=\"sgb-data\">{\"lastRowFill\":true,\"collectionThumbRecomendedHeight\":300,\"collectionThumbMiniScreenScale\":true,\"externalLink\":false,\"collectionThumbSubMenuDownload\":false,\"collectionThumbSubMenuShare\":false,\"galleryType\":\"pgc_sgb_justified\",\"galleryId\":\"65461660\",\"images\":[{\"id\":599,\"title\":\"Old English Sheepdog (Bobtail)\",\"url\":\"https:\/\/fello.pet\/wp-content\/uploads\/2022\/03\/Old-English-Sheepdog-Bobtail-3.jpg\",\"link\":\"https:\/\/fello.pet\/?attachment_id=599#main\",\"alt\":\"Old English Sheepdog (Bobtail)\",\"description\":\"\",\"caption\":\"\",\"mime\":\"image\/jpeg\",\"type\":\"image\",\"width\":645,\"height\":380,\"sizes\":{\"thumbnail\":{\"url\":\"https:\/\/fello.pet\/wp-content\/uploads\/2022\/03\/Old-English-Sheepdog-Bobtail-3-280x280.jpg\",\"height\":280,\"width\":280,\"orientation\":\"landscape\"},\"full\":{\"url\":\"https:\/\/fello.pet\/wp-content\/uploads\/2022\/03\/Old-English-Sheepdog-Bobtail-3.jpg\",\"height\":380,\"width\":645,\"orientation\":\"landscape\"}},\"meta\":false,\"postlink\":\"https:\/\/fello.pet\/?attachment_id=599#main\"},{\"id\":601,\"title\":\"Old English Sheepdog (Bobtail)\",\"url\":\"https:\/\/fello.pet\/wp-content\/uploads\/2022\/03\/Old-English-Sheepdog-Bobtail-2.jpg\",\"link\":\"https:\/\/fello.pet\/?attachment_id=601#main\",\"alt\":\"Old English Sheepdog (Bobtail)\",\"description\":\"\",\"caption\":\"\",\"mime\":\"image\/jpeg\",\"type\":\"image\",\"width\":2121,\"height\":1414,\"sizes\":{\"thumbnail\":{\"url\":\"https:\/\/fello.pet\/wp-content\/uploads\/2022\/03\/Old-English-Sheepdog-Bobtail-2-280x280.jpg\",\"height\":280,\"width\":280,\"orientation\":\"landscape\"},\"medium\":{\"url\":\"https:\/\/fello.pet\/wp-content\/uploads\/2022\/03\/Old-English-Sheepdog-Bobtail-2-600x400.jpg\",\"height\":400,\"width\":600,\"orientation\":\"landscape\"},\"large\":{\"url\":\"https:\/\/fello.pet\/wp-content\/uploads\/2022\/03\/Old-English-Sheepdog-Bobtail-2-1200x800.jpg\",\"height\":800,\"width\":1200,\"orientation\":\"landscape\"},\"full\":{\"url\":\"https:\/\/fello.pet\/wp-content\/uploads\/2022\/03\/Old-English-Sheepdog-Bobtail-2.jpg\",\"height\":1414,\"width\":2121,\"orientation\":\"landscape\"}},\"meta\":false,\"postlink\":\"https:\/\/fello.pet\/?attachment_id=601#main\"},{\"id\":603,\"title\":\"Old English Sheepdog (Bobtail)\",\"url\":\"https:\/\/fello.pet\/wp-content\/uploads\/2022\/03\/Old-English-Sheepdog-Bobtail-1-scaled.jpg\",\"link\":\"https:\/\/fello.pet\/?attachment_id=603#main\",\"alt\":\"Old English Sheepdog (Bobtail)\",\"description\":\"\",\"caption\":\"\",\"mime\":\"image\/jpeg\",\"type\":\"image\",\"width\":2560,\"height\":1440,\"sizes\":{\"thumbnail\":{\"url\":\"https:\/\/fello.pet\/wp-content\/uploads\/2022\/03\/Old-English-Sheepdog-Bobtail-1-280x280.jpg\",\"height\":280,\"width\":280,\"orientation\":\"landscape\"},\"medium\":{\"url\":\"https:\/\/fello.pet\/wp-content\/uploads\/2022\/03\/Old-English-Sheepdog-Bobtail-1-711x400.jpg\",\"height\":400,\"width\":711,\"orientation\":\"landscape\"},\"large\":{\"url\":\"https:\/\/fello.pet\/wp-content\/uploads\/2022\/03\/Old-English-Sheepdog-Bobtail-1-1400x788.jpg\",\"height\":788,\"width\":1400,\"orientation\":\"landscape\"},\"full\":{\"url\":\"https:\/\/fello.pet\/wp-content\/uploads\/2022\/03\/Old-English-Sheepdog-Bobtail-1-scaled.jpg\",\"height\":1440,\"width\":2560,\"orientation\":\"landscape\"}},\"meta\":false,\"postlink\":\"https:\/\/fello.pet\/?attachment_id=603#main\"}],\"galleryData\":\"{\\u0022pageMode\\u0022:false,\\u0022lastRowFill\\u0022:false,\\u0022collectionThumbRecomendedHeight\\u0022:200,\\u0022collectionThumbMiniScreenScale\\u0022:false,\\u0022thumbSpacing\\u0022:5,\\u0022externalLink\\u0022:true,\\u0022externalLinkDefName\\u0022:\\u0022Read More\\u0022,\\u0022externalLinkTextColor\\u0022:\\u0022rgba(0,0,0,1)\\u0022,\\u0022externalLinkBgColor\\u0022:\\u0022rgba(255,255,255,1)\\u0022,\\u0022externalLinkFontSize\\u0022:18,\\u0022captions\\u0022:true,\\u0022captionSrc\\u0022:\\u0022caption\\u0022,\\u0022captionHAlign\\u0022:\\u0022top\\u0022,\\u0022collectionthumbHoverTitleFontSize\\u0022:18,\\u0022collectionthumbRoundedCorners\\u0022:0,\\u0022collectionthumbHoverTitleTextColor\\u0022:\\u0022rgba(255,255,255,1)\\u0022,\\u0022collectionthumbHoverTitleTextBgColor\\u0022:\\u0022rgba(0,0,0,0.8)\\u0022,\\u0022collectionthumbHoverBgColor\\u0022:\\u0022rgba(0,0,0,0.4)\\u0022,\\u0022collectionThumbSubMenuDownload\\u0022:true,\\u0022collectionThumbSubMenuShare\\u0022:true,\\u0022collectionThumbSubMenuBgColor\\u0022:\\u0022rgba(0,0,0,0.4)\\u0022,\\u0022collectionThumbSubMenuBgColorHover\\u0022:\\u0022rgba(255,255,255,1)\\u0022,\\u0022collectionThumbSubMenuIconColor\\u0022:\\u0022rgba(255,255,255,1)\\u0022,\\u0022collectionThumbSubMenuIconColorHover\\u0022:\\u0022rgba(0,0,0,1)\\u0022,\\u0022settingsModalIsOpen\\u0022:false,\\u0022galleryType\\u0022:\\u0022pgc_sgb_justified\\u0022,\\u0022align\\u0022:\\u0022\\u0022,\\u0022galleryId\\u0022:\\u002265461660\\u0022,\\u0022tagsListCustomMode\\u0022:false,\\u0022initGalleryByFirstTag\\u0022:false,\\u0022deepLinkingForTag\\u0022:false,\\u0022galleryTagsList\\u0022:[],\\u0022useClobalSettings\\u0022:true,\\u0022orderBy\\u0022:\\u0022custom\\u0022,\\u0022deepLinking\\u0022:false,\\u0022useLightbox\\u0022:true,\\u0022thumbClickAction\\u0022:\\u0022useLightbox\\u0022,\\u0022numItemsDisplayed\\u0022:0,\\u0022lazyLoading\\u0022:true,\\u0022contentNoPadding\\u0022:false,\\u0022galleryPreloaderColor\\u0022:\\u0022rgba(230,230,230,1)\\u0022,\\u0022galleryBgColor\\u0022:\\u0022rgba(0,0,0,0)\\u0022,\\u0022galleryBorderRadius\\u0022:0,\\u0022customCSS\\u0022:\\u0022\\u0022,\\u0022itemsPerPage\\u0022:20,\\u0022loadMoreDefName\\u0022:\\u0022Load More\\u0022,\\u0022loadMoreFontSize\\u0022:16,\\u0022loadMoreTextColor\\u0022:\\u0022rgba(255,255,255,1)\\u0022,\\u0022loadMoreBgColor\\u0022:\\u0022rgba(0,0,0,1)\\u0022,\\u0022tagsFilter\\u0022:false,\\u0022tagCloudAll\\u0022:\\u0022All\\u0022,\\u0022tagCloudBgColor\\u0022:\\u0022rgba(153,153,153,1)\\u0022,\\u0022tagCloudBgColorOver\\u0022:\\u0022rgba(253,253,253,1)\\u0022,\\u0022tagCloudTextColor\\u0022:\\u0022rgba(253,253,253,1)\\u0022,\\u0022tagCloudTextColorOver\\u0022:\\u0022rgba(153,153,153,1)\\u0022,\\u0022tagCloudFontSize\\u0022:16,\\u0022modaBgColor\\u0022:\\u0022rgba(0,0,0,0.8)\\u0022,\\u0022modalIconColor\\u0022:\\u0022rgba(255,255,255,1)\\u0022,\\u0022modalIconColorHover\\u0022:\\u0022rgba(255,255,255,0.8)\\u0022,\\u0022shareFacebook\\u0022:true,\\u0022shareTwitter\\u0022:true,\\u0022sharePinterest\\u0022:true,\\u0022sliderItemDownload\\u0022:true,\\u0022shareCopyLink\\u0022:true,\\u0022sharePost\\u0022:\\u0022sharelink\\u0022,\\u0022copyRProtection\\u0022:false,\\u0022copyRAlert\\u0022:\\u0022Hello, this photo is mine!\\u0022,\\u0022sliderScrollNavi\\u0022:false,\\u0022sliderFullSizeViewMode\\u0022:false,\\u0022sliderNextPrevAnimation\\u0022:\\u0022animation\\u0022,\\u0022galleryScrollPositionControll\\u0022:false,\\u0022sliderVideoAutoPlay\\u0022:false,\\u0022sliderVideoLoop\\u0022:false,\\u0022sliderItemCounterEnable\\u0022:true,\\u0022sliderCaptionSrc\\u0022:\\u0022caption\\u0022,\\u0022sliderItemTitleEnable\\u0022:false,\\u0022sliderItemTitleFontSize\\u0022:18,\\u0022sliderItemTitleTextColor\\u0022:\\u0022rgba(255,255,255,1)\\u0022,\\u0022itemCounterColor\\u0022:\\u0022rgba(255,255,255,1)\\u0022,\\u0022sliderThumbBarEnable\\u0022:true,\\u0022sliderThumbBarHoverColor\\u0022:\\u0022rgba(240,240,240,1)\\u0022,\\u0022sliderBgColor\\u0022:\\u0022rgba(0,0,0,0.8)\\u0022,\\u0022sliderPreloaderColor\\u0022:\\u0022rgba(240,240,240,1)\\u0022,\\u0022sliderHeaderFooterBgColor\\u0022:\\u0022rgba(0,0,0,0.4)\\u0022,\\u0022sliderNavigationColor\\u0022:\\u0022rgba(0,0,0,1)\\u0022,\\u0022sliderNavigationColorOver\\u0022:\\u0022rgba(255,255,255,1)\\u0022,\\u0022sliderNavigationIconColor\\u0022:\\u0022rgba(255,255,255,1)\\u0022,\\u0022sliderNavigationIconColorOver\\u0022:\\u0022rgba(0,0,0,1)\\u0022,\\u0022sliderSlideshow\\u0022:true,\\u0022sliderSlideshowDelay\\u0022:8,\\u0022slideshowIndicatorColor\\u0022:\\u0022rgba(255,255,255,1)\\u0022,\\u0022slideshowIndicatorColorBg\\u0022:\\u0022rgba(255,255,255,0.5)\\u0022,\\u0022sliderThumbSubMenuBackgroundColor\\u0022:\\u0022rgba(255,255,255,0)\\u0022,\\u0022sliderThumbSubMenuBackgroundColorOver\\u0022:\\u0022rgba(255,255,255,1)\\u0022,\\u0022sliderThumbSubMenuIconColor\\u0022:\\u0022rgba(255,255,255,1)\\u0022,\\u0022sliderThumbSubMenuIconHoverColor\\u0022:\\u0022rgba(0,0,0,1)\\u0022,\\u0022sliderSocialShareEnabled\\u0022:true,\\u0022sliderZoomEnable\\u0022:true,\\u0022sliderFullscreenEnabled\\u0022:true,\\u0022skin\\u0022:\\u0022justified\\u0022}\",\"useClobalSettings\":true,\"sharePost\":\"postlink\",\"sliderSocialShareEnabled\":false,\"itemsMetaDataCollection\":[]}<\/script><script>(function(){if(window.PGC_SGB && window.PGC_SGB.searcher){window.PGC_SGB.searcher.initBlocks()}})()<\/script><\/div>\n\n<h2 class=\"wp-block-heading\" id=\"historia-de-origen\">Historia de Origen<\/h2>\n\n\n<p>El Antiguo pastor ingl\u00e9s, tambi\u00e9n conocido como Bobtail, es una raza de perro grande y atl\u00e9tica. El perro pastor fue criado para pastorear el ganado y ayudar a los granjeros a llevar el ganado y las ovejas al mercado.<\/p>\n\n\n\n<p>El Bobtail tiene uno de los or\u00edgenes m\u00e1s oscuros del mundo. Seg\u00fan una versi\u00f3n, la raza se origin\u00f3 en los condados del suroeste de Inglaterra en alg\u00fan momento de principios del siglo XIX. Pero seg\u00fan otra versi\u00f3n, puede deber su origen al collie barbudo escoc\u00e9s o al perro pastor del sur de Rusia.<\/p>\n\n\n<h2 class=\"wp-block-heading\" id=\"apariencia\">Apariencia<\/h2>\n\n\n<p>El pelaje del Bobtail es ondulado y enmara\u00f1ado. El denso subpelo proporciona una considerable protecci\u00f3n contra las condiciones clim\u00e1ticas: es casi impermeable y caliente. El color del pelaje var\u00eda de tonos grises a azules, con marcas blancas que predominan alrededor de la cabeza y la parte inferior del cuerpo.<\/p>\n\n\n\n<p>La cabeza es relativamente redonda y razonablemente amplia. Las orejas son peque\u00f1as y se encuentran cerca del cr\u00e1neo. Suelen estar ocultas tras el pelaje.<\/p>\n\n\n\n<p>El cuerpo es compacto con un vientre ancho. La espalda y el cuello son tambi\u00e9n amplios y musculosos, al igual que las extremidades. Los peque\u00f1os pies son redondeados con dedos bien convexos.<\/p>\n\n\n\n<p>Los machos miden 61-65 cm y pesan 32-45 kg. Al mismo tiempo, las hembras suelen medir 56-62 cm y pesar 27-36 kg.<\/p>\n\n\n<h2 class=\"wp-block-heading\" id=\"personaje\">Personaje<\/h2>\n\n\n<p>El Bobtail es una raza tranquila y cari\u00f1osa. Es muy raro verlo agresivo o nervioso. Suelen llevarse bien con los ni\u00f1os. Los cachorros son ruidosos, traviesos y muy torpes. Se necesita un adiestramiento consistente y cuidadoso para convertirlos en buenos acogedores.<\/p>\n\n\n\n<p>Muchos propietarios describen a sus bobtails como perros divertid\u00edsimos que disfrutan mucho mordiendo las zapatillas de su due\u00f1o. Sin embargo, la mayor\u00eda son muy felices con un adiestramiento suficiente para pasar tiempo dentro de casa en estrecho contacto con las personas. Aun as\u00ed, necesitan un acceso regular al exterior para \u00abdesahogarse\u00bb varias veces al d\u00eda. Si una raza se ve privada de suficiente contacto y afecto, piensa que ha sido separada de su due\u00f1o. Un perro as\u00ed no es apto para vivir al aire libre, ni debe dejarse sin compa\u00f1\u00eda la mayor parte del d\u00eda.<\/p>\n\n\n<h2 class=\"wp-block-heading\" id=\"cuidado\">Cuidado<\/h2>\n\n\n<p>Los perros pastores ingleses de edad avanzada requieren varias horas de aseo cada semana para evitar que el pelaje se pegue. Si se forman capas, hay que afeitarlas. Tienden a pegarse bastante a la piel, atrapando la suciedad, y su n\u00famero aumenta r\u00e1pidamente. La zona de debajo de la cola requiere un cuidado especial. El pelo de esta zona suele atrapar material fecal, por lo que debe recortarse y lavarse con regularidad. Requiere un aseo profesional al menos seis veces por semana.<\/p>\n\n\n\n<p>Otros elementos del cuidado rutinario de un bobtail son el recorte mensual de las garras. Tambi\u00e9n hay que cepillar al menos cuatro veces por semana y limpiar los o\u00eddos para evitar la otitis media externa. Acostumbre a su perro a estos procedimientos desde una edad temprana. Esto le har\u00e1 m\u00e1s obediente, maduro y menos estresante, tanto para el perro como para el due\u00f1o.<\/p>\n\n\n<h2 class=\"wp-block-heading\" id=\"formacion\">Formaci\u00f3n<\/h2>\n\n\n<p>El Bobtail es una raza inteligente que es capaz de un entrenamiento brillante. Introducir a los cachorros en las habilidades b\u00e1sicas de obediencia a las 8 o 10 semanas de edad sentar\u00e1 las bases de un buen comportamiento futuro. El adiestramiento en casa de un cachorro de pastor ingl\u00e9s antiguo no suele ser dif\u00edcil. Debe evitarse el adiestramiento en jaulas, ya que no les gusta estar confinados.<\/p>\n\n\n\n<p>La mayor\u00eda de los Antiguo pastores ingl\u00e9ses disfrutan participando en clases de agilidad o realizando trucos. Debido a su alto nivel de energ\u00eda, la raza muestra una mayor capacidad de concentraci\u00f3n. Sin la suficiente estimulaci\u00f3n f\u00edsica y mental, pueden aburrirse o volverse insoportables. Si este es el caso, rara vez responder\u00e1n a su due\u00f1o.<\/p>\n\n\n<h2 class=\"wp-block-heading\" id=\"enfermedades-comunes\">Enfermedades Comunes<\/h2>\n\n\n<p>Aunque el nivel de problemas de salud del Bobtail es relativamente bajo, existen ciertos riesgos en el funcionamiento del sistema nervioso, las articulaciones, los ojos y el sistema circulatorio. Un propietario de un Bobtail puede encontrarse con estos diagn\u00f3sticos de su mascota:<\/p>\n\n\n\n<ul class=\"wp-block-list\">\n<li>enfermedad de Addison;<\/li>\n\n\n\n<li>trastornos de la conducta;<\/li>\n\n\n\n<li>ataxia cerebelosa;<\/li>\n\n\n\n<li>demodicosis;<\/li>\n\n\n\n<li>distiquiasis;<\/li>\n\n\n\n<li>entrop\u00eda;<\/li>\n\n\n\n<li>adenitis;<\/li>\n\n\n\n<li>anemia hemol\u00edtica;<\/li>\n\n\n\n<li>malformaci\u00f3n espinal cervical;<\/li>\n\n\n\n<li>displasia de cadera;<\/li>\n\n\n\n<li>microftalmia;<\/li>\n\n\n\n<li>otitis media externa;<\/li>\n\n\n\n<li>atrofia progresiva de la retina;<\/li>\n\n\n\n<li>urolitiasis de s\u00edlice;<\/li>\n\n\n\n<li>disminuci\u00f3n de la funci\u00f3n plaquetaria.<\/li>\n<\/ul>\n\n\n<h2 class=\"wp-block-heading\" id=\"nutricion\">Nutrici\u00f3n<\/h2>\n\n\n<p>La ingesta diaria recomendada es de 2,5 a 4,5 tazas de alimento seco de alta calidad al d\u00eda. Sin embargo, la cantidad que come un perro adulto depende de su tama\u00f1o, edad, constituci\u00f3n, metabolismo y nivel de actividad. Los perros son tan individuales como las personas, y no necesitan la misma cantidad de comida. Un perro muy activo necesitar\u00e1 m\u00e1s que un perro pasivo.<\/p>\n\n\n\n\n\n\n<p><br><\/p>\n","protected":false},"excerpt":{"rendered":"<p>El Bobtail es una raza tranquila y cari\u00f1osa. Es muy raro verlo agresivo o nervioso. Suelen llevarse bien con los ni\u00f1os. Los cachorros son ruidosos, traviesos y muy torpes. Se necesita un adiestramiento consistente y cuidadoso para convertirlos en buenos acogedores. Informaci\u00f3n de la Raza Otro Nombre Antiguo pastor ingl\u00e9s Origen Inglaterra Altura Machos a [&hellip;]<\/p>\n","protected":false},"author":2,"featured_media":600,"parent":0,"menu_order":0,"comment_status":"closed","ping_status":"closed","template":"page-for-breeds.php","meta":{"_acf_changed":false,"inline_featured_image":false,"pgc_sgb_lightbox_settings":"","footnotes":""},"class_list":["post-31247","page","type-page","status-publish","has-post-thumbnail","hentry"],"acf":[],"_links":{"self":[{"href":"https:\/\/fello.pet\/es\/wp-json\/wp\/v2\/pages\/31247","targetHints":{"allow":["GET"]}}],"collection":[{"href":"https:\/\/fello.pet\/es\/wp-json\/wp\/v2\/pages"}],"about":[{"href":"https:\/\/fello.pet\/es\/wp-json\/wp\/v2\/types\/page"}],"author":[{"embeddable":true,"href":"https:\/\/fello.pet\/es\/wp-json\/wp\/v2\/users\/2"}],"replies":[{"embeddable":true,"href":"https:\/\/fello.pet\/es\/wp-json\/wp\/v2\/comments?post=31247"}],"version-history":[{"count":1,"href":"https:\/\/fello.pet\/es\/wp-json\/wp\/v2\/pages\/31247\/revisions"}],"predecessor-version":[{"id":31251,"href":"https:\/\/fello.pet\/es\/wp-json\/wp\/v2\/pages\/31247\/revisions\/31251"}],"wp:featuredmedia":[{"embeddable":true,"href":"https:\/\/fello.pet\/es\/wp-json\/wp\/v2\/media\/600"}],"wp:attachment":[{"href":"https:\/\/fello.pet\/es\/wp-json\/wp\/v2\/media?parent=31247"}],"curies":[{"name":"wp","href":"https:\/\/api.w.org\/{rel}","templated":true}]}}