
{"id":31236,"date":"2024-05-30T15:08:19","date_gmt":"2024-05-30T15:08:19","guid":{"rendered":"https:\/\/fello.pet\/american-akita\/"},"modified":"2024-05-30T15:12:42","modified_gmt":"2024-05-30T15:12:42","slug":"akita-americano","status":"publish","type":"page","link":"https:\/\/fello.pet\/es\/akita-americano\/","title":{"rendered":"Akita Americano"},"content":{"rendered":"\n<p><strong><em><strong><em>La sangre heredada del mast\u00edn se hace sentir en todo momento. El Akita Americano puede parecer simp\u00e1tico y amistoso, pero siempre es orgulloso y receloso. El adiestramiento desde una edad temprana es imprescindible porque puede volverse incontrolable y peligroso para los extra\u00f1os sin la autoridad representada por el due\u00f1o. No tolera la soledad y la separaci\u00f3n prolongada del due\u00f1o.<\/em><\/strong><\/em><\/strong><\/p>\n\n\n\n<div class=\"wp-block-columns is-layout-flex wp-container-core-columns-is-layout-9d6595d7 wp-block-columns-is-layout-flex\">\n<div class=\"wp-block-column is-layout-flow wp-block-column-is-layout-flow\"><h2 class=\"simpletoc-title\">Tabla de \u0421ontenido<\/h2>\n<ul class=\"simpletoc-list\">\n<li><a href=\"#informacion-de-la-raza\">Informaci\u00f3n de la Raza<\/a>\n\n<\/li>\n<li><a href=\"#fotos-de-la-raza\">Fotos de la Raza<\/a>\n\n<\/li>\n<li><a href=\"#historia-de-origen\">Historia de Origen<\/a>\n\n<\/li>\n<li><a href=\"#apariencia\">Apariencia<\/a>\n\n<\/li>\n<li><a href=\"#personaje\">Personaje<\/a>\n\n<\/li>\n<li><a href=\"#cuidado\">Cuidado<\/a>\n\n<\/li>\n<li><a href=\"#formacion\">Formaci\u00f3n<\/a>\n\n<\/li>\n<li><a href=\"#enfermedades-comunes\">Enfermedades Comunes<\/a>\n\n<\/li>\n<li><a href=\"#nutricion\">Nutrici\u00f3n<\/a>\n<\/li><\/ul><\/div>\n\n\n\n<div class=\"wp-block-column is-layout-flow wp-block-column-is-layout-flow\"><h2 class=\"wp-block-heading\" id=\"informacion-de-la-raza\">Informaci\u00f3n de la Raza<\/h2>\n\n\n<figure class=\"wp-block-table alignleft\" style=\"font-size:18px\"><table class=\"has-fixed-layout\"><tbody><tr><td>Otro Nombre<\/td><td>Gran perro japon\u00e9s<\/td><\/tr><tr><td>Origen<\/td><td>Jap\u00f3n, Estados Unidos<\/td><\/tr><tr><td>Altura<\/td><td>Machos 66-71 cm<br>Hembras 61-66 cm<\/td><\/tr><tr><td>Peso<\/td><td>32-59 kg<\/td><\/tr><tr><td>Pelo<\/td><td>Medio<\/td><\/tr><tr><td>Color<\/td><td>Rojo, p\u00e1lido, blanco, p\u00e1lido-blanco, tigre, manchado (pinto)<\/td><\/tr><tr><td>Esperanza de Vida<\/td><td>10-14 a\u00f1os<\/td><\/tr><tr><td>Clasificaci\u00f3n FCI<\/td><td>Perros tipo spitz y tipo primitivo<\/td><\/tr><tr><td>Grupo<\/td><td>Perros para ni\u00f1os, perros guardianes, perros de trineo, perros de caza<\/td><\/tr><tr><td>Precio<\/td><td>Desde $670<\/td><\/tr><\/tbody><\/table><\/figure>\n<\/div>\n<\/div>\n\n\n<h2 class=\"wp-block-heading\" id=\"fotos-de-la-raza\">Fotos de la Raza<\/h2>\n\n<div class=\"pgc-sgb-cb wp-block-pgcsimplygalleryblock-justified \" data-gallery-id=\"85620021\"><div class=\"sgb-preloader\" id=\"pr_85620021\">\n\t<div class=\"sgb-square\" style=\"background:#d4d4d4\"><\/div>\n\t<div class=\"sgb-square\" style=\"background:#d4d4d4\"><\/div>\n\t<div class=\"sgb-square\" style=\"background:#d4d4d4\"><\/div>\n\t<div class=\"sgb-square\" style=\"background:#d4d4d4\"><\/div><\/div><div class=\"simply-gallery-amp pgc_sgb_slider \"><noscript><div class=\"sgb-gallery\"><div class=\"sgb-item\"><a href=\"https:\/\/fello.pet\/?attachment_id=3138#main\" target=\"_blank\"><img decoding=\"async\" alt=\"American Akita\" width=\"267\" height=\"400\" loading=\"lazy\" src=\"https:\/\/fello.pet\/wp-content\/uploads\/2022\/05\/American-Akita-4-267x400.jpg\" srcset=\"https:\/\/fello.pet\/wp-content\/uploads\/2022\/05\/American-Akita-4-267x400.jpg 267w,https:\/\/fello.pet\/wp-content\/uploads\/2022\/05\/American-Akita-4-533x800.jpg 533w,https:\/\/fello.pet\/wp-content\/uploads\/2022\/05\/American-Akita-4.jpg 564w\" sizes=\"auto, 250px\"\/><\/a><\/div><div class=\"sgb-item\"><a href=\"https:\/\/fello.pet\/?attachment_id=3140#main\" target=\"_blank\"><img decoding=\"async\" alt=\"American Akita\" width=\"412\" height=\"400\" loading=\"lazy\" src=\"https:\/\/fello.pet\/wp-content\/uploads\/2022\/05\/American-Akita-3-412x400.jpg\" srcset=\"https:\/\/fello.pet\/wp-content\/uploads\/2022\/05\/American-Akita-3-412x400.jpg 412w,https:\/\/fello.pet\/wp-content\/uploads\/2022\/05\/American-Akita-3-824x800.jpg 824w,https:\/\/fello.pet\/wp-content\/uploads\/2022\/05\/American-Akita-3.jpg 1000w\" sizes=\"auto, 250px\"\/><\/a><\/div><div class=\"sgb-item\"><a href=\"https:\/\/fello.pet\/?attachment_id=3136#main\" target=\"_blank\"><img decoding=\"async\" alt=\"American Akita\" width=\"463\" height=\"400\" loading=\"lazy\" src=\"https:\/\/fello.pet\/wp-content\/uploads\/2022\/05\/American-Akita-1-463x400.jpg\" srcset=\"https:\/\/fello.pet\/wp-content\/uploads\/2022\/05\/American-Akita-1-463x400.jpg 463w,https:\/\/fello.pet\/wp-content\/uploads\/2022\/05\/American-Akita-1-927x800.jpg 927w,https:\/\/fello.pet\/wp-content\/uploads\/2022\/05\/American-Akita-1.jpg 1000w\" sizes=\"auto, 250px\"\/><\/a><\/div><div class=\"sgb-item\"><a href=\"https:\/\/fello.pet\/?attachment_id=3142#main\" target=\"_blank\"><img decoding=\"async\" alt=\"American Akita\" width=\"266\" height=\"400\" loading=\"lazy\" src=\"https:\/\/fello.pet\/wp-content\/uploads\/2022\/05\/American-Akita-2-266x400.jpg\" srcset=\"https:\/\/fello.pet\/wp-content\/uploads\/2022\/05\/American-Akita-2-266x400.jpg 266w,https:\/\/fello.pet\/wp-content\/uploads\/2022\/05\/American-Akita-2-532x800.jpg 532w,https:\/\/fello.pet\/wp-content\/uploads\/2022\/05\/American-Akita-2.jpg 1000w\" sizes=\"auto, 250px\"\/><\/a><\/div><\/div><\/noscript><\/div><script type=\"application\/json\" class=\"sgb-data\">{\"lastRowFill\":true,\"collectionThumbRecomendedHeight\":300,\"collectionThumbMiniScreenScale\":true,\"externalLink\":false,\"collectionThumbSubMenuDownload\":false,\"collectionThumbSubMenuShare\":false,\"galleryType\":\"pgc_sgb_justified\",\"galleryId\":\"85620021\",\"images\":[{\"id\":3138,\"title\":\"American Akita\",\"url\":\"https:\/\/fello.pet\/wp-content\/uploads\/2022\/05\/American-Akita-4.jpg\",\"link\":\"https:\/\/fello.pet\/?attachment_id=3138#main\",\"alt\":\"American Akita\",\"description\":\"\",\"caption\":\"\",\"mime\":\"image\/jpeg\",\"type\":\"image\",\"width\":564,\"height\":846,\"sizes\":{\"thumbnail\":{\"url\":\"https:\/\/fello.pet\/wp-content\/uploads\/2022\/05\/American-Akita-4-280x280.jpg\",\"height\":280,\"width\":280,\"orientation\":\"landscape\"},\"medium\":{\"url\":\"https:\/\/fello.pet\/wp-content\/uploads\/2022\/05\/American-Akita-4-267x400.jpg\",\"height\":400,\"width\":267,\"orientation\":\"portrait\"},\"large\":{\"url\":\"https:\/\/fello.pet\/wp-content\/uploads\/2022\/05\/American-Akita-4-533x800.jpg\",\"height\":800,\"width\":533,\"orientation\":\"portrait\"},\"full\":{\"url\":\"https:\/\/fello.pet\/wp-content\/uploads\/2022\/05\/American-Akita-4.jpg\",\"height\":846,\"width\":564,\"orientation\":\"portrait\"}},\"meta\":false,\"postlink\":\"https:\/\/fello.pet\/?attachment_id=3138#main\"},{\"id\":3140,\"title\":\"American Akita\",\"url\":\"https:\/\/fello.pet\/wp-content\/uploads\/2022\/05\/American-Akita-3.jpg\",\"link\":\"https:\/\/fello.pet\/?attachment_id=3140#main\",\"alt\":\"American Akita\",\"description\":\"\",\"caption\":\"\",\"mime\":\"image\/jpeg\",\"type\":\"image\",\"width\":1000,\"height\":971,\"sizes\":{\"thumbnail\":{\"url\":\"https:\/\/fello.pet\/wp-content\/uploads\/2022\/05\/American-Akita-3-280x280.jpg\",\"height\":280,\"width\":280,\"orientation\":\"landscape\"},\"medium\":{\"url\":\"https:\/\/fello.pet\/wp-content\/uploads\/2022\/05\/American-Akita-3-412x400.jpg\",\"height\":400,\"width\":412,\"orientation\":\"landscape\"},\"large\":{\"url\":\"https:\/\/fello.pet\/wp-content\/uploads\/2022\/05\/American-Akita-3-824x800.jpg\",\"height\":800,\"width\":824,\"orientation\":\"landscape\"},\"full\":{\"url\":\"https:\/\/fello.pet\/wp-content\/uploads\/2022\/05\/American-Akita-3.jpg\",\"height\":971,\"width\":1000,\"orientation\":\"landscape\"}},\"meta\":false,\"postlink\":\"https:\/\/fello.pet\/?attachment_id=3140#main\"},{\"id\":3136,\"title\":\"American Akita\",\"url\":\"https:\/\/fello.pet\/wp-content\/uploads\/2022\/05\/American-Akita-1.jpg\",\"link\":\"https:\/\/fello.pet\/?attachment_id=3136#main\",\"alt\":\"American Akita\",\"description\":\"\",\"caption\":\"\",\"mime\":\"image\/jpeg\",\"type\":\"image\",\"width\":1000,\"height\":863,\"sizes\":{\"thumbnail\":{\"url\":\"https:\/\/fello.pet\/wp-content\/uploads\/2022\/05\/American-Akita-1-280x280.jpg\",\"height\":280,\"width\":280,\"orientation\":\"landscape\"},\"medium\":{\"url\":\"https:\/\/fello.pet\/wp-content\/uploads\/2022\/05\/American-Akita-1-463x400.jpg\",\"height\":400,\"width\":463,\"orientation\":\"landscape\"},\"large\":{\"url\":\"https:\/\/fello.pet\/wp-content\/uploads\/2022\/05\/American-Akita-1-927x800.jpg\",\"height\":800,\"width\":927,\"orientation\":\"landscape\"},\"full\":{\"url\":\"https:\/\/fello.pet\/wp-content\/uploads\/2022\/05\/American-Akita-1.jpg\",\"height\":863,\"width\":1000,\"orientation\":\"landscape\"}},\"meta\":false,\"postlink\":\"https:\/\/fello.pet\/?attachment_id=3136#main\"},{\"id\":3142,\"title\":\"American Akita\",\"url\":\"https:\/\/fello.pet\/wp-content\/uploads\/2022\/05\/American-Akita-2.jpg\",\"link\":\"https:\/\/fello.pet\/?attachment_id=3142#main\",\"alt\":\"American Akita\",\"description\":\"\",\"caption\":\"\",\"mime\":\"image\/jpeg\",\"type\":\"image\",\"width\":1000,\"height\":1503,\"sizes\":{\"thumbnail\":{\"url\":\"https:\/\/fello.pet\/wp-content\/uploads\/2022\/05\/American-Akita-2-280x280.jpg\",\"height\":280,\"width\":280,\"orientation\":\"landscape\"},\"medium\":{\"url\":\"https:\/\/fello.pet\/wp-content\/uploads\/2022\/05\/American-Akita-2-266x400.jpg\",\"height\":400,\"width\":266,\"orientation\":\"portrait\"},\"large\":{\"url\":\"https:\/\/fello.pet\/wp-content\/uploads\/2022\/05\/American-Akita-2-532x800.jpg\",\"height\":800,\"width\":532,\"orientation\":\"portrait\"},\"full\":{\"url\":\"https:\/\/fello.pet\/wp-content\/uploads\/2022\/05\/American-Akita-2.jpg\",\"height\":1503,\"width\":1000,\"orientation\":\"portrait\"}},\"meta\":false,\"postlink\":\"https:\/\/fello.pet\/?attachment_id=3142#main\"}],\"galleryData\":\"{\\u0022pageMode\\u0022:false,\\u0022lastRowFill\\u0022:true,\\u0022collectionThumbRecomendedHeight\\u0022:300,\\u0022collectionThumbMiniScreenScale\\u0022:true,\\u0022thumbSpacing\\u0022:5,\\u0022externalLink\\u0022:false,\\u0022externalLinkDefName\\u0022:\\u0022Read More\\u0022,\\u0022externalLinkTextColor\\u0022:\\u0022rgba(0,0,0,1)\\u0022,\\u0022externalLinkBgColor\\u0022:\\u0022rgba(255,255,255,1)\\u0022,\\u0022externalLinkFontSize\\u0022:18,\\u0022captions\\u0022:true,\\u0022captionSrc\\u0022:\\u0022caption\\u0022,\\u0022captionHAlign\\u0022:\\u0022top\\u0022,\\u0022collectionthumbHoverTitleFontSize\\u0022:18,\\u0022collectionthumbRoundedCorners\\u0022:0,\\u0022collectionthumbHoverTitleTextColor\\u0022:\\u0022rgba(255,255,255,1)\\u0022,\\u0022collectionthumbHoverTitleTextBgColor\\u0022:\\u0022rgba(0,0,0,0.8)\\u0022,\\u0022collectionthumbHoverBgColor\\u0022:\\u0022rgba(0,0,0,0.4)\\u0022,\\u0022collectionThumbSubMenuDownload\\u0022:false,\\u0022collectionThumbSubMenuShare\\u0022:false,\\u0022collectionThumbSubMenuBgColor\\u0022:\\u0022rgba(0,0,0,0.4)\\u0022,\\u0022collectionThumbSubMenuBgColorHover\\u0022:\\u0022rgba(255,255,255,1)\\u0022,\\u0022collectionThumbSubMenuIconColor\\u0022:\\u0022rgba(255,255,255,1)\\u0022,\\u0022collectionThumbSubMenuIconColorHover\\u0022:\\u0022rgba(0,0,0,1)\\u0022,\\u0022settingsModalIsOpen\\u0022:false,\\u0022galleryType\\u0022:\\u0022pgc_sgb_justified\\u0022,\\u0022align\\u0022:\\u0022\\u0022,\\u0022galleryId\\u0022:\\u002285620021\\u0022,\\u0022tagsListCustomMode\\u0022:false,\\u0022initGalleryByFirstTag\\u0022:false,\\u0022deepLinkingForTag\\u0022:false,\\u0022galleryTagsList\\u0022:[],\\u0022useClobalSettings\\u0022:true,\\u0022orderBy\\u0022:\\u0022custom\\u0022,\\u0022deepLinking\\u0022:false,\\u0022useLightbox\\u0022:true,\\u0022thumbClickAction\\u0022:\\u0022useLightbox\\u0022,\\u0022numItemsDisplayed\\u0022:0,\\u0022lazyLoading\\u0022:true,\\u0022contentNoPadding\\u0022:false,\\u0022galleryPreloaderColor\\u0022:\\u0022rgba(230,230,230,1)\\u0022,\\u0022galleryBgColor\\u0022:\\u0022rgba(0,0,0,0)\\u0022,\\u0022galleryBorderRadius\\u0022:0,\\u0022customCSS\\u0022:\\u0022\\u0022,\\u0022itemsPerPage\\u0022:20,\\u0022loadMoreDefName\\u0022:\\u0022Load More\\u0022,\\u0022loadMoreFontSize\\u0022:16,\\u0022loadMoreTextColor\\u0022:\\u0022rgba(255,255,255,1)\\u0022,\\u0022loadMoreBgColor\\u0022:\\u0022rgba(0,0,0,1)\\u0022,\\u0022tagsFilter\\u0022:false,\\u0022tagCloudAll\\u0022:\\u0022All\\u0022,\\u0022tagCloudBgColor\\u0022:\\u0022rgba(153,153,153,1)\\u0022,\\u0022tagCloudBgColorOver\\u0022:\\u0022rgba(253,253,253,1)\\u0022,\\u0022tagCloudTextColor\\u0022:\\u0022rgba(253,253,253,1)\\u0022,\\u0022tagCloudTextColorOver\\u0022:\\u0022rgba(153,153,153,1)\\u0022,\\u0022tagCloudFontSize\\u0022:16,\\u0022modaBgColor\\u0022:\\u0022rgba(0,0,0,0.8)\\u0022,\\u0022modalIconColor\\u0022:\\u0022rgba(255,255,255,1)\\u0022,\\u0022modalIconColorHover\\u0022:\\u0022rgba(255,255,255,0.8)\\u0022,\\u0022shareFacebook\\u0022:true,\\u0022shareTwitter\\u0022:true,\\u0022sharePinterest\\u0022:true,\\u0022sliderItemDownload\\u0022:true,\\u0022shareCopyLink\\u0022:true,\\u0022sharePost\\u0022:\\u0022postlink\\u0022,\\u0022copyRProtection\\u0022:false,\\u0022copyRAlert\\u0022:\\u0022Hello, this photo is mine!\\u0022,\\u0022sliderScrollNavi\\u0022:false,\\u0022sliderFullSizeViewMode\\u0022:false,\\u0022sliderNextPrevAnimation\\u0022:\\u0022animation\\u0022,\\u0022galleryScrollPositionControll\\u0022:false,\\u0022sliderVideoAutoPlay\\u0022:false,\\u0022sliderVideoLoop\\u0022:false,\\u0022sliderItemCounterEnable\\u0022:true,\\u0022sliderCaptionSrc\\u0022:\\u0022caption\\u0022,\\u0022sliderItemTitleEnable\\u0022:false,\\u0022sliderItemTitleFontSize\\u0022:18,\\u0022sliderItemTitleTextColor\\u0022:\\u0022rgba(255,255,255,1)\\u0022,\\u0022itemCounterColor\\u0022:\\u0022rgba(255,255,255,1)\\u0022,\\u0022sliderThumbBarEnable\\u0022:true,\\u0022sliderThumbBarHoverColor\\u0022:\\u0022rgba(240,240,240,1)\\u0022,\\u0022sliderBgColor\\u0022:\\u0022rgba(0,0,0,0.8)\\u0022,\\u0022sliderPreloaderColor\\u0022:\\u0022rgba(240,240,240,1)\\u0022,\\u0022sliderHeaderFooterBgColor\\u0022:\\u0022rgba(0,0,0,0.4)\\u0022,\\u0022sliderNavigationColor\\u0022:\\u0022rgba(0,0,0,1)\\u0022,\\u0022sliderNavigationColorOver\\u0022:\\u0022rgba(255,255,255,1)\\u0022,\\u0022sliderNavigationIconColor\\u0022:\\u0022rgba(255,255,255,1)\\u0022,\\u0022sliderNavigationIconColorOver\\u0022:\\u0022rgba(0,0,0,1)\\u0022,\\u0022sliderSlideshow\\u0022:true,\\u0022sliderSlideshowDelay\\u0022:8,\\u0022slideshowIndicatorColor\\u0022:\\u0022rgba(255,255,255,1)\\u0022,\\u0022slideshowIndicatorColorBg\\u0022:\\u0022rgba(255,255,255,0.5)\\u0022,\\u0022sliderThumbSubMenuBackgroundColor\\u0022:\\u0022rgba(255,255,255,0)\\u0022,\\u0022sliderThumbSubMenuBackgroundColorOver\\u0022:\\u0022rgba(255,255,255,1)\\u0022,\\u0022sliderThumbSubMenuIconColor\\u0022:\\u0022rgba(255,255,255,1)\\u0022,\\u0022sliderThumbSubMenuIconHoverColor\\u0022:\\u0022rgba(0,0,0,1)\\u0022,\\u0022sliderSocialShareEnabled\\u0022:false,\\u0022sliderZoomEnable\\u0022:true,\\u0022sliderFullscreenEnabled\\u0022:true,\\u0022skin\\u0022:\\u0022justified\\u0022}\",\"useClobalSettings\":true,\"sharePost\":\"postlink\",\"sliderSocialShareEnabled\":false,\"itemsMetaDataCollection\":[]}<\/script><script>(function(){if(window.PGC_SGB && window.PGC_SGB.searcher){window.PGC_SGB.searcher.initBlocks()}})()<\/script><\/div>\n\n<h2 class=\"wp-block-heading\" id=\"historia-de-origen\">Historia de Origen<\/h2>\n\n\n<p>La aparici\u00f3n del Akita Americano se asocia a la apertura de los puertos japoneses en el siglo XIX, lo que hizo posible la exportaci\u00f3n de perros Akita del pa\u00eds a cualquier rinc\u00f3n del mundo. El Akita lleg\u00f3 a Estados Unidos con los soldados tras la Segunda Guerra Mundial. A pesar de la desaprobaci\u00f3n de Jap\u00f3n, los estadounidenses, conocidos por su afici\u00f3n a la experimentaci\u00f3n, cruzaron el akita con un pastor alem\u00e1n y un mast\u00edn y obtuvieron una raza completamente nueva, que se llam\u00f3 gran dan\u00e9s japon\u00e9s. Ahora el Akita Americano es exactamente lo contrario de su pariente japon\u00e9s, una raza reconocida por las federaciones caninas en 2001.<\/p>\n\n\n<h2 class=\"wp-block-heading\" id=\"apariencia\">Apariencia<\/h2>\n\n\n<p>El Akita Americano se parece cada vez menos a un perro de caza de Jap\u00f3n debido a su masa y gran tama\u00f1o. Tiene un pelaje grueso y largo como el de un cachorro de oso, orejas erectas, un pecho amplio y profundo y una cola esponjosa enroscada hacia arriba. El cuerpo es alargado, el cuello es corto y musculoso, y el lomo es recto. Se admite una gran variedad de colores: desde el negro hasta el dorado con m\u00e1scara negra y el blanco con manchas irregulares en el cuerpo.<\/p>\n\n\n<h2 class=\"wp-block-heading\" id=\"personaje\">Personaje<\/h2>\n\n\n<p>La sangre heredada del mast\u00edn se hace sentir en todo momento. El Akita Americano puede parecer simp\u00e1tico y amistoso, pero siempre es orgulloso y receloso. El adiestramiento desde una edad temprana es imprescindible porque puede volverse incontrolable y peligroso para los extra\u00f1os sin la autoridad representada por el due\u00f1o. No tolera la soledad y la separaci\u00f3n prolongada del due\u00f1o. En la familia es una gran maravilla esponjosa, foco de amor, ternura y cari\u00f1o. Los competidores en las formas de otras mascotas no son aceptables; no hay competidores en la asignaci\u00f3n de la atenci\u00f3n no les gusta.<\/p>\n\n\n\n<p>Son de mentalidad estable, cazadores natos, dotados de excelentes cualidades de perro guardi\u00e1n. El contacto con los ni\u00f1os s\u00f3lo se producir\u00e1 en casos de respeto mutuo; no es conveniente dejar al Akita Americano a solas con un ni\u00f1o; un perro grande puede causar accidentalmente un da\u00f1o menor al beb\u00e9.<\/p>\n\n\n<h2 class=\"wp-block-heading\" id=\"cuidado\">Cuidado<\/h2>\n\n\n<p>Un perro grande y robusto necesita un lugar adecuado para vivir: un apartamento grande, una casa de campo con parcela, una pajarera espaciosa. Los frecuentes paseos regulares, los juegos activos un par de horas al d\u00eda ayudar\u00e1n a utilizar r\u00e1pidamente la inmensa energ\u00eda y el deseo de retozar.<\/p>\n\n\n\n<p>El Akita Americano no tiene miedo a las heladas y a la nieve; un grueso pelaje protege perfectamente al perro de los efectos de las bajas temperaturas. Hay que tener cuidado con el calor intenso; existe una alta probabilidad de que sufra un golpe de calor, caminando durante mucho tiempo bajo el sol abrasador. Les gusta el cuidado f\u00e1cil, son limpios y no huelen demasiado. B\u00e1\u00f1elos cuando se ensucien, peine el pelo suelto durante el periodo de muda.<\/p>\n\n\n<h2 class=\"wp-block-heading\" id=\"formacion\">Formaci\u00f3n<\/h2>\n\n\n<p>Perro travieso! Eso es lo que dicen los amantes de los perros sobre la raza Akita. No se le puede adiestrar como a un pastor alem\u00e1n, pero s\u00ed se le puede hacer obediente y que siga las \u00f3rdenes. Ganarse el afecto y el cari\u00f1o del Akita Americano es lo m\u00e1s importante en el adiestramiento; s\u00f3lo entonces le har\u00e1 caso. En la educaci\u00f3n del Akita Americano, la severidad es bienvenida, la crueldad \u2013 de ninguna manera, puede conducir a graves trastornos mentales! La paciencia, la bondad, la persistencia \u2013 la clave del \u00e9xito en el entrenamiento!<\/p>\n\n\n<h2 class=\"wp-block-heading\" id=\"enfermedades-comunes\">Enfermedades Comunes<\/h2>\n\n\n<p>Los perros Akita Americanos entran en la categor\u00eda de mascotas bastante sanas. Si no se les cuida adecuadamente, pueden sufrir trastornos mentales y obesidad.<\/p>\n\n\n\n<p>Hay predisposiciones gen\u00e9ticas a estas enfermedades:<\/p>\n\n\n\n<ul class=\"wp-block-list\">\n<li>insuficiencia tiroidea;<\/li>\n\n\n\n<li>problemas de la piel;<\/li>\n\n\n\n<li>displasia articular;<\/li>\n\n\n\n<li>congesti\u00f3n g\u00e1strica;<\/li>\n\n\n\n<li>neuralgia.<\/li>\n<\/ul>\n\n\n<h2 class=\"wp-block-heading\" id=\"nutricion\">Nutrici\u00f3n<\/h2>\n\n\n<p>La comida del Akita Americano debe ser rica en las vitaminas, minerales y grasas adecuadas. La alimentaci\u00f3n debe ajustarse a la \u00e9poca del a\u00f1o y al estado de la mascota. No se debe sobrealimentar, el sobrepeso es terrible para la salud del perro y supone un gran esfuerzo para las articulaciones. La fibra, los alimentos que contienen calcio y el sodio son componentes esenciales de una buena dieta para un perro japon\u00e9s grande.<\/p>\n\n\n\n","protected":false},"excerpt":{"rendered":"<p>La sangre heredada del mast\u00edn se hace sentir en todo momento. El Akita Americano puede parecer simp\u00e1tico y amistoso, pero siempre es orgulloso y receloso. El adiestramiento desde una edad temprana es imprescindible porque puede volverse incontrolable y peligroso para los extra\u00f1os sin la autoridad representada por el due\u00f1o. No tolera la soledad y la [&hellip;]<\/p>\n","protected":false},"author":2,"featured_media":3137,"parent":0,"menu_order":0,"comment_status":"closed","ping_status":"closed","template":"page-for-breeds.php","meta":{"_acf_changed":false,"inline_featured_image":false,"pgc_sgb_lightbox_settings":"","footnotes":""},"class_list":["post-31236","page","type-page","status-publish","has-post-thumbnail","hentry"],"acf":[],"_links":{"self":[{"href":"https:\/\/fello.pet\/es\/wp-json\/wp\/v2\/pages\/31236","targetHints":{"allow":["GET"]}}],"collection":[{"href":"https:\/\/fello.pet\/es\/wp-json\/wp\/v2\/pages"}],"about":[{"href":"https:\/\/fello.pet\/es\/wp-json\/wp\/v2\/types\/page"}],"author":[{"embeddable":true,"href":"https:\/\/fello.pet\/es\/wp-json\/wp\/v2\/users\/2"}],"replies":[{"embeddable":true,"href":"https:\/\/fello.pet\/es\/wp-json\/wp\/v2\/comments?post=31236"}],"version-history":[{"count":1,"href":"https:\/\/fello.pet\/es\/wp-json\/wp\/v2\/pages\/31236\/revisions"}],"predecessor-version":[{"id":31241,"href":"https:\/\/fello.pet\/es\/wp-json\/wp\/v2\/pages\/31236\/revisions\/31241"}],"wp:featuredmedia":[{"embeddable":true,"href":"https:\/\/fello.pet\/es\/wp-json\/wp\/v2\/media\/3137"}],"wp:attachment":[{"href":"https:\/\/fello.pet\/es\/wp-json\/wp\/v2\/media?parent=31236"}],"curies":[{"name":"wp","href":"https:\/\/api.w.org\/{rel}","templated":true}]}}