
{"id":31225,"date":"2024-05-30T14:41:11","date_gmt":"2024-05-30T14:41:11","guid":{"rendered":"https:\/\/fello.pet\/tazy\/"},"modified":"2024-05-30T14:44:41","modified_gmt":"2024-05-30T14:44:41","slug":"tazy","status":"publish","type":"page","link":"https:\/\/fello.pet\/es\/tazy\/","title":{"rendered":"Tazy"},"content":{"rendered":"\n<p><strong><em><strong><em>El car\u00e1cter del Tazy depende directamente del entorno. Al aire libre o durante la caza, los representantes de la raza son juguetones, activos y capaces de atrapar cualquier juego. Pero tan pronto como entran en un apartamento, se convierten en mascotas perezosas, que s\u00f3lo pueden tumbarse y mirar lo que est\u00e1 pasando. Desde el punto de vista afectivo, los cuencos son similares a los gatos: tambi\u00e9n les gusta frotarse contra su due\u00f1o.<\/em><\/strong><\/em><\/strong><\/p>\n\n\n\n<div class=\"wp-block-columns is-layout-flex wp-container-core-columns-is-layout-9d6595d7 wp-block-columns-is-layout-flex\">\n<div class=\"wp-block-column is-layout-flow wp-block-column-is-layout-flow\"><h2 class=\"simpletoc-title\">Tabla de \u0421ontenido<\/h2>\n<ul class=\"simpletoc-list\">\n<li><a href=\"#informacion-de-la-raza\">Informaci\u00f3n de la Raza<\/a>\n\n<\/li>\n<li><a href=\"#fotos-de-la-raza\">Fotos de la Raza<\/a>\n\n<\/li>\n<li><a href=\"#historia-de-origen\">Historia de Origen<\/a>\n\n<\/li>\n<li><a href=\"#apariencia\">Apariencia<\/a>\n\n<\/li>\n<li><a href=\"#personaje\">Personaje<\/a>\n\n<\/li>\n<li><a href=\"#cuidado\">Cuidado<\/a>\n\n<\/li>\n<li><a href=\"#formacion\">Formaci\u00f3n<\/a>\n\n<\/li>\n<li><a href=\"#enfermedades-comunes\">Enfermedades Comunes<\/a>\n\n<\/li>\n<li><a href=\"#nutricion\">Nutrici\u00f3n<\/a>\n<\/li><\/ul><\/div>\n\n\n\n<div class=\"wp-block-column is-layout-flow wp-block-column-is-layout-flow\"><h2 class=\"wp-block-heading\" id=\"informacion-de-la-raza\">Informaci\u00f3n de la Raza<\/h2>\n\n\n<figure class=\"wp-block-table alignleft\" style=\"font-size:18px\"><table class=\"has-fixed-layout\"><tbody><tr><td>Otro Nombre<\/td><td>\u2013<\/td><\/tr><tr><td>Origen<\/td><td>Kazajist\u00e1n<\/td><\/tr><tr><td>Altura<\/td><td>Machos 60-70 cm<br>Hembras 55-65 cm<\/td><\/tr><tr><td>Peso<\/td><td>20-23 kg<\/td><\/tr><tr><td>Pelo<\/td><td>Corto<\/td><\/tr><tr><td>Color<\/td><td>Negro, blanco, gris, rojo, paja<\/td><\/tr><tr><td>Esperanza de Vida<\/td><td>12-15 a\u00f1os<\/td><\/tr><tr><td>Clasificaci\u00f3n FCI<\/td><td>Razas fuera de la clasificaci\u00f3n FCI<\/td><\/tr><tr><td>Grupo<\/td><td>Perros de caza<\/td><\/tr><tr><td>Precio<\/td><td>Desde $130<\/td><\/tr><\/tbody><\/table><\/figure>\n<\/div>\n<\/div>\n\n\n<h2 class=\"wp-block-heading\" id=\"fotos-de-la-raza\">Fotos de la Raza<\/h2>\n\n<div class=\"pgc-sgb-cb wp-block-pgcsimplygalleryblock-justified \" data-gallery-id=\"b9e52840\"><div class=\"sgb-preloader\" id=\"pr_b9e52840\">\n\t<div class=\"sgb-square\" style=\"background:#d4d4d4\"><\/div>\n\t<div class=\"sgb-square\" style=\"background:#d4d4d4\"><\/div>\n\t<div class=\"sgb-square\" style=\"background:#d4d4d4\"><\/div>\n\t<div class=\"sgb-square\" style=\"background:#d4d4d4\"><\/div><\/div><div class=\"simply-gallery-amp pgc_sgb_slider \"><noscript><div class=\"sgb-gallery\"><div class=\"sgb-item\"><a href=\"https:\/\/fello.pet\/?attachment_id=6365#main\" target=\"_blank\"><img decoding=\"async\" alt=\"Tazy\" width=\"492\" height=\"281\" loading=\"lazy\" src=\"https:\/\/fello.pet\/wp-content\/uploads\/2022\/08\/Tazy-1.png\" srcset=\",https:\/\/fello.pet\/wp-content\/uploads\/2022\/08\/Tazy-1.png 492w\" sizes=\"auto, 250px\"\/><\/a><\/div><div class=\"sgb-item\"><a href=\"https:\/\/fello.pet\/?attachment_id=6359#main\" target=\"_blank\"><img decoding=\"async\" alt=\"Tazy\" width=\"228\" height=\"356\" loading=\"lazy\" src=\"https:\/\/fello.pet\/wp-content\/uploads\/2022\/08\/Tazy-3.jpg\" srcset=\",https:\/\/fello.pet\/wp-content\/uploads\/2022\/08\/Tazy-3.jpg 228w\" sizes=\"auto, 250px\"\/><\/a><\/div><div class=\"sgb-item\"><a href=\"https:\/\/fello.pet\/?attachment_id=6361#main\" target=\"_blank\"><img decoding=\"async\" alt=\"Tazy\" width=\"339\" height=\"400\" loading=\"lazy\" src=\"https:\/\/fello.pet\/wp-content\/uploads\/2022\/08\/Tazy-2-339x400.jpg\" srcset=\"https:\/\/fello.pet\/wp-content\/uploads\/2022\/08\/Tazy-2-339x400.jpg 339w,https:\/\/fello.pet\/wp-content\/uploads\/2022\/08\/Tazy-2-679x800.jpg 679w,https:\/\/fello.pet\/wp-content\/uploads\/2022\/08\/Tazy-2.jpg 1018w\" sizes=\"auto, 250px\"\/><\/a><\/div><div class=\"sgb-item\"><a href=\"https:\/\/fello.pet\/?attachment_id=6363#main\" target=\"_blank\"><img decoding=\"async\" alt=\"Tazy\" width=\"640\" height=\"400\" loading=\"lazy\" src=\"https:\/\/fello.pet\/wp-content\/uploads\/2022\/08\/Tazy-4-640x400.jpg\" srcset=\"https:\/\/fello.pet\/wp-content\/uploads\/2022\/08\/Tazy-4-640x400.jpg 640w,https:\/\/fello.pet\/wp-content\/uploads\/2022\/08\/Tazy-4-1280x800.jpg 1280w,https:\/\/fello.pet\/wp-content\/uploads\/2022\/08\/Tazy-4.jpg 2560w\" sizes=\"auto, 250px\"\/><\/a><\/div><\/div><\/noscript><\/div><script type=\"application\/json\" class=\"sgb-data\">{\"lastRowFill\":true,\"collectionThumbRecomendedHeight\":300,\"collectionThumbMiniScreenScale\":true,\"externalLink\":false,\"collectionThumbSubMenuDownload\":false,\"collectionThumbSubMenuShare\":false,\"galleryType\":\"pgc_sgb_justified\",\"galleryId\":\"b9e52840\",\"images\":[{\"id\":6365,\"title\":\"Tazy\",\"url\":\"https:\/\/fello.pet\/wp-content\/uploads\/2022\/08\/Tazy-1.png\",\"link\":\"https:\/\/fello.pet\/?attachment_id=6365#main\",\"alt\":\"Tazy\",\"description\":\"\",\"caption\":\"\",\"mime\":\"image\/png\",\"type\":\"image\",\"width\":492,\"height\":281,\"sizes\":{\"thumbnail\":{\"url\":\"https:\/\/fello.pet\/wp-content\/uploads\/2022\/08\/Tazy-1-280x280.png\",\"height\":280,\"width\":280,\"orientation\":\"landscape\"},\"full\":{\"url\":\"https:\/\/fello.pet\/wp-content\/uploads\/2022\/08\/Tazy-1.png\",\"height\":281,\"width\":492,\"orientation\":\"landscape\"}},\"meta\":false,\"postlink\":\"https:\/\/fello.pet\/?attachment_id=6365#main\"},{\"id\":6359,\"title\":\"Tazy\",\"url\":\"https:\/\/fello.pet\/wp-content\/uploads\/2022\/08\/Tazy-3.jpg\",\"link\":\"https:\/\/fello.pet\/?attachment_id=6359#main\",\"alt\":\"Tazy\",\"description\":\"\",\"caption\":\"\",\"mime\":\"image\/jpeg\",\"type\":\"image\",\"width\":228,\"height\":356,\"sizes\":{\"thumbnail\":{\"url\":\"https:\/\/fello.pet\/wp-content\/uploads\/2022\/08\/Tazy-3-228x280.jpg\",\"height\":280,\"width\":228,\"orientation\":\"portrait\"},\"full\":{\"url\":\"https:\/\/fello.pet\/wp-content\/uploads\/2022\/08\/Tazy-3.jpg\",\"height\":356,\"width\":228,\"orientation\":\"portrait\"}},\"meta\":false,\"postlink\":\"https:\/\/fello.pet\/?attachment_id=6359#main\"},{\"id\":6361,\"title\":\"Tazy\",\"url\":\"https:\/\/fello.pet\/wp-content\/uploads\/2022\/08\/Tazy-2.jpg\",\"link\":\"https:\/\/fello.pet\/?attachment_id=6361#main\",\"alt\":\"Tazy\",\"description\":\"\",\"caption\":\"\",\"mime\":\"image\/jpeg\",\"type\":\"image\",\"width\":1018,\"height\":1200,\"sizes\":{\"thumbnail\":{\"url\":\"https:\/\/fello.pet\/wp-content\/uploads\/2022\/08\/Tazy-2-280x280.jpg\",\"height\":280,\"width\":280,\"orientation\":\"landscape\"},\"medium\":{\"url\":\"https:\/\/fello.pet\/wp-content\/uploads\/2022\/08\/Tazy-2-339x400.jpg\",\"height\":400,\"width\":339,\"orientation\":\"portrait\"},\"large\":{\"url\":\"https:\/\/fello.pet\/wp-content\/uploads\/2022\/08\/Tazy-2-679x800.jpg\",\"height\":800,\"width\":679,\"orientation\":\"portrait\"},\"full\":{\"url\":\"https:\/\/fello.pet\/wp-content\/uploads\/2022\/08\/Tazy-2.jpg\",\"height\":1200,\"width\":1018,\"orientation\":\"portrait\"}},\"meta\":false,\"postlink\":\"https:\/\/fello.pet\/?attachment_id=6361#main\"},{\"id\":6363,\"title\":\"Tazy\",\"url\":\"https:\/\/fello.pet\/wp-content\/uploads\/2022\/08\/Tazy-4.jpg\",\"link\":\"https:\/\/fello.pet\/?attachment_id=6363#main\",\"alt\":\"Tazy\",\"description\":\"\",\"caption\":\"\",\"mime\":\"image\/jpeg\",\"type\":\"image\",\"width\":2560,\"height\":1600,\"sizes\":{\"thumbnail\":{\"url\":\"https:\/\/fello.pet\/wp-content\/uploads\/2022\/08\/Tazy-4-280x280.jpg\",\"height\":280,\"width\":280,\"orientation\":\"landscape\"},\"medium\":{\"url\":\"https:\/\/fello.pet\/wp-content\/uploads\/2022\/08\/Tazy-4-640x400.jpg\",\"height\":400,\"width\":640,\"orientation\":\"landscape\"},\"large\":{\"url\":\"https:\/\/fello.pet\/wp-content\/uploads\/2022\/08\/Tazy-4-1280x800.jpg\",\"height\":800,\"width\":1280,\"orientation\":\"landscape\"},\"full\":{\"url\":\"https:\/\/fello.pet\/wp-content\/uploads\/2022\/08\/Tazy-4.jpg\",\"height\":1600,\"width\":2560,\"orientation\":\"landscape\"}},\"meta\":false,\"postlink\":\"https:\/\/fello.pet\/?attachment_id=6363#main\"}],\"galleryData\":\"{\\u0022pageMode\\u0022:false,\\u0022lastRowFill\\u0022:false,\\u0022collectionThumbRecomendedHeight\\u0022:200,\\u0022collectionThumbMiniScreenScale\\u0022:false,\\u0022thumbSpacing\\u0022:5,\\u0022thumbMobileSpacing\\u0022:5,\\u0022externalLink\\u0022:true,\\u0022externalLinkDefName\\u0022:\\u0022Read More\\u0022,\\u0022externalLinkTextColor\\u0022:\\u0022rgba(0,0,0,1)\\u0022,\\u0022externalLinkBgColor\\u0022:\\u0022rgba(255,255,255,1)\\u0022,\\u0022externalLinkFontSize\\u0022:18,\\u0022captions\\u0022:true,\\u0022captionSrc\\u0022:\\u0022caption\\u0022,\\u0022captionHAlign\\u0022:\\u0022top\\u0022,\\u0022collectionthumbHoverTitleFontSize\\u0022:18,\\u0022collectionthumbRoundedCorners\\u0022:0,\\u0022collectionthumbHoverTitleTextColor\\u0022:\\u0022rgba(255,255,255,1)\\u0022,\\u0022collectionthumbHoverTitleTextBgColor\\u0022:\\u0022rgba(0,0,0,0.8)\\u0022,\\u0022collectionthumbHoverBgColor\\u0022:\\u0022rgba(0,0,0,0.4)\\u0022,\\u0022collectionThumbSubMenuDownload\\u0022:true,\\u0022collectionThumbSubMenuShare\\u0022:true,\\u0022collectionThumbSubMenuBgColor\\u0022:\\u0022rgba(0,0,0,0.4)\\u0022,\\u0022collectionThumbSubMenuBgColorHover\\u0022:\\u0022rgba(255,255,255,1)\\u0022,\\u0022collectionThumbSubMenuIconColor\\u0022:\\u0022rgba(255,255,255,1)\\u0022,\\u0022collectionThumbSubMenuIconColorHover\\u0022:\\u0022rgba(0,0,0,1)\\u0022,\\u0022settingsModalIsOpen\\u0022:false,\\u0022galleryType\\u0022:\\u0022pgc_sgb_justified\\u0022,\\u0022align\\u0022:\\u0022\\u0022,\\u0022galleryId\\u0022:\\u0022b9e52840\\u0022,\\u0022tagsListCustomMode\\u0022:false,\\u0022initGalleryByFirstTag\\u0022:false,\\u0022deepLinkingForTag\\u0022:false,\\u0022galleryTagsList\\u0022:[],\\u0022useClobalSettings\\u0022:true,\\u0022orderBy\\u0022:\\u0022custom\\u0022,\\u0022deepLinking\\u0022:false,\\u0022useLightbox\\u0022:true,\\u0022thumbClickAction\\u0022:\\u0022useLightbox\\u0022,\\u0022numItemsDisplayed\\u0022:0,\\u0022lazyLoading\\u0022:true,\\u0022contentNoPadding\\u0022:false,\\u0022galleryPreloaderColor\\u0022:\\u0022rgba(230,230,230,1)\\u0022,\\u0022galleryBgColor\\u0022:\\u0022rgba(0,0,0,0)\\u0022,\\u0022galleryBorderRadius\\u0022:0,\\u0022customCSS\\u0022:\\u0022\\u0022,\\u0022itemsPerPage\\u0022:20,\\u0022loadMoreDefName\\u0022:\\u0022Load More\\u0022,\\u0022loadMoreFontSize\\u0022:16,\\u0022loadMoreTextColor\\u0022:\\u0022rgba(255,255,255,1)\\u0022,\\u0022loadMoreBgColor\\u0022:\\u0022rgba(0,0,0,1)\\u0022,\\u0022tagsFilter\\u0022:false,\\u0022tagCloudAll\\u0022:\\u0022All\\u0022,\\u0022tagCloudBgColor\\u0022:\\u0022rgba(153,153,153,1)\\u0022,\\u0022tagCloudBgColorOver\\u0022:\\u0022rgba(253,253,253,1)\\u0022,\\u0022tagCloudTextColor\\u0022:\\u0022rgba(253,253,253,1)\\u0022,\\u0022tagCloudTextColorOver\\u0022:\\u0022rgba(153,153,153,1)\\u0022,\\u0022tagCloudFontSize\\u0022:16,\\u0022modaBgColor\\u0022:\\u0022rgba(0,0,0,0.8)\\u0022,\\u0022modalIconColor\\u0022:\\u0022rgba(255,255,255,1)\\u0022,\\u0022modalIconColorHover\\u0022:\\u0022rgba(255,255,255,0.8)\\u0022,\\u0022shareFacebook\\u0022:true,\\u0022shareTwitter\\u0022:true,\\u0022sharePinterest\\u0022:true,\\u0022sliderItemDownload\\u0022:true,\\u0022shareCopyLink\\u0022:true,\\u0022sharePost\\u0022:\\u0022sharelink\\u0022,\\u0022copyRProtection\\u0022:false,\\u0022copyRAlert\\u0022:\\u0022Hello, this photo is mine!\\u0022,\\u0022sliderScrollNavi\\u0022:false,\\u0022sliderFullSizeViewMode\\u0022:false,\\u0022sliderNextPrevAnimation\\u0022:\\u0022animation\\u0022,\\u0022galleryScrollPositionControll\\u0022:false,\\u0022sliderVideoAutoPlay\\u0022:false,\\u0022sliderTryPlayNext\\u0022:false,\\u0022sliderVideoLoop\\u0022:false,\\u0022sliderItemCounterEnable\\u0022:true,\\u0022sliderCaptionSrc\\u0022:\\u0022caption\\u0022,\\u0022sliderItemTitleEnable\\u0022:false,\\u0022sliderItemTitleFontSize\\u0022:18,\\u0022sliderItemTitleTextColor\\u0022:\\u0022rgba(255,255,255,1)\\u0022,\\u0022itemCounterColor\\u0022:\\u0022rgba(255,255,255,1)\\u0022,\\u0022sliderThumbBarEnable\\u0022:true,\\u0022sliderThumbBarHoverColor\\u0022:\\u0022rgba(240,240,240,1)\\u0022,\\u0022sliderBgColor\\u0022:\\u0022rgba(0,0,0,0.8)\\u0022,\\u0022sliderPreloaderColor\\u0022:\\u0022rgba(240,240,240,1)\\u0022,\\u0022sliderHeaderFooterBgColor\\u0022:\\u0022rgba(0,0,0,0.4)\\u0022,\\u0022sliderNavigationColor\\u0022:\\u0022rgba(0,0,0,1)\\u0022,\\u0022sliderNavigationColorOver\\u0022:\\u0022rgba(255,255,255,1)\\u0022,\\u0022sliderNavigationIconColor\\u0022:\\u0022rgba(255,255,255,1)\\u0022,\\u0022sliderNavigationIconColorOver\\u0022:\\u0022rgba(0,0,0,1)\\u0022,\\u0022sliderSlideshow\\u0022:true,\\u0022sliderSlideshowDelay\\u0022:8,\\u0022slideshowIndicatorColor\\u0022:\\u0022rgba(255,255,255,1)\\u0022,\\u0022slideshowIndicatorColorBg\\u0022:\\u0022rgba(255,255,255,0.5)\\u0022,\\u0022sliderThumbSubMenuBackgroundColor\\u0022:\\u0022rgba(255,255,255,0)\\u0022,\\u0022sliderThumbSubMenuBackgroundColorOver\\u0022:\\u0022rgba(255,255,255,1)\\u0022,\\u0022sliderThumbSubMenuIconColor\\u0022:\\u0022rgba(255,255,255,1)\\u0022,\\u0022sliderThumbSubMenuIconHoverColor\\u0022:\\u0022rgba(0,0,0,1)\\u0022,\\u0022sliderSocialShareEnabled\\u0022:true,\\u0022sliderZoomEnable\\u0022:true,\\u0022sliderFullscreenEnabled\\u0022:true,\\u0022skin\\u0022:\\u0022justified\\u0022}\",\"useClobalSettings\":true,\"sharePost\":\"postlink\",\"sliderSocialShareEnabled\":false,\"itemsMetaDataCollection\":[]}<\/script><script>(function(){if(window.PGC_SGB && window.PGC_SGB.searcher){window.PGC_SGB.searcher.initBlocks()}})()<\/script><\/div>\n\n<h2 class=\"wp-block-heading\" id=\"historia-de-origen\">Historia de Origen<\/h2>\n\n\n<p>La historia de la raza se remonta a los tiempos de las tribus n\u00f3madas de Asia Central. Ya en el siglo XVII a.C., las tribus n\u00f3madas turcomanas criaban perros y eran reconocidas como creadores innatos. Una larga y minuciosa selecci\u00f3n ayud\u00f3 a los turcomanos a criar su representante del sabueso aborigen a partir del sabueso \u00e1rabe. Al cabo de un tiempo, el perro recibi\u00f3 el nombre iran\u00ed de Tazy. El animal se distingu\u00eda por su capacidad para soportar las heladas de Asia Central y trabajar en los abrasadores desiertos de arena. Gracias a ello, el Tazy se convirti\u00f3 en el orgullo del pueblo.<\/p>\n\n\n\n<p>Los due\u00f1os de los perros pod\u00edan contar el pedigr\u00ed hasta la 16\u00aa tribu. Eran los \u00fanicos animales que conviven con sus due\u00f1os en la misma habitaci\u00f3n. Se envolv\u00edan de amor y com\u00edan la misma comida que los humanos. Durante los periodos de heladas y calor, las mascotas llevaban ropas especiales: ponis decorados con abalorios. Si un perro se cansaba durante una larga caminata, pod\u00eda ser llevado a caballo. En Asia Central, los Tazy eran los \u00fanicos representantes de los perros de caza. Esto los convert\u00eda en cazadores vers\u00e1tiles.<\/p>\n\n\n\n<p>Los turcomanos deliraban tanto con el Tazy que eran capaces de renunciar a 40 caballos por \u00e9l. O renunciar a una novia a cambio de un perezoso. La raza era el principal sost\u00e9n de la familia. Hoy en d\u00eda, los representantes de Tazy no son tan populares. En la mayor\u00eda de los casos, viven con cazadores lejos de los centros de cr\u00eda. Por lo tanto, la cr\u00eda de Tazy se realiza de forma no oficial, lo que afecta significativamente a la calidad de la raza y el n\u00famero de representantes.<\/p>\n\n\n<h2 class=\"wp-block-heading\" id=\"apariencia\">Apariencia<\/h2>\n\n\n<p>El tama\u00f1o de Tazy es medio o superior a la media. Tiene una constituci\u00f3n de tipo seco con una musculatura bien desarrollada. La cabeza es larga, en forma de cu\u00f1a. Las orejas son ca\u00eddas, colocadas a la altura de los ojos o por encima. Ojos grandes y marrones. La cola es larga, enroscada hacia el final.<\/p>\n\n\n\n<p>La raza tiene un pelaje corto y suave. S\u00f3lo en las orejas alcanza de cinco a seis cent\u00edmetros. Se admiten colores: gris, negro, blanco, rojo, con y sin fuego. Oficialmente no se reconoce como piedra o tigre.<\/p>\n\n\n<h2 class=\"wp-block-heading\" id=\"personaje\">Personaje<\/h2>\n\n\n<p>El car\u00e1cter del Tazy depende directamente del entorno. Al aire libre o durante la caza, los representantes de la raza son juguetones, activos y capaces de atrapar cualquier juego. Pero tan pronto como entran en un apartamento, se convierten en mascotas perezosas, que s\u00f3lo pueden tumbarse y mirar lo que est\u00e1 pasando. Desde el punto de vista afectivo, los cuencos son similares a los gatos: tambi\u00e9n les gusta frotarse contra su due\u00f1o.<\/p>\n\n\n\n<p>Su pronunciada capacidad innata para cazar los convierte en grandes defensores. Nadie se acercar\u00e1 a la casa o al due\u00f1o cuando el perro est\u00e9 cerca. Al mismo tiempo, son cari\u00f1osos con los ni\u00f1os y encuentran r\u00e1pidamente el contacto. Los perros son l\u00edderes por naturaleza y no comparten el espacio con otros animales. Conviven mejor en casas de campo donde no necesitan estar encadenados. La mascota no soporta bien la restricci\u00f3n de la actividad innata. Puede vivir en un recinto amplio pero con paseos dos veces al d\u00eda.<\/p>\n\n\n<h2 class=\"wp-block-heading\" id=\"cuidado\">Cuidado<\/h2>\n\n\n<p>Como en el caso de cualquier perro, es importante cuidar las salidas regulares al aire libre. Se recomienda dar largos y activos paseos con la cuenca \u2013 el secreto de la buena condici\u00f3n f\u00edsica del animal. Una vez a la semana, peinar el pelaje con un cepillo. No hay que ba\u00f1ar a Tazy con frecuencia. Elija un champ\u00fa suave y b\u00e1\u00f1ese cuando sea necesario (despu\u00e9s de la caza o del entrenamiento activo en el barro). Despu\u00e9s del ba\u00f1o, deje que el pelaje se seque de forma natural. Cepille las orejas, los dientes y los ojos de su mascota una vez a la semana. Si las garras no se afilan durante los paseos, recorta unos mil\u00edmetros cada mes.<\/p>\n\n\n<h2 class=\"wp-block-heading\" id=\"formacion\">Formaci\u00f3n<\/h2>\n\n\n<p>Debido a su liderazgo innato, los representantes de la raza deben recibir suficiente atenci\u00f3n. Al mismo tiempo, mostrar cualidades de liderazgo. S\u00f3lo en este caso el Tazy no saldr\u00e1 de su cabeza y no controlar\u00e1 al due\u00f1o. El entrenamiento debe ser regular y activo. Tambi\u00e9n vale la pena introducir juegos de caza. Los animales de resistencia y de vista pueden aprehender f\u00e1cilmente. Durante mucho tiempo, pueden correr a una velocidad de 12-15 km\/h. Al mismo tiempo, la caza de juego, incluso m\u00e1s r\u00e1pido. Si usted compr\u00f3 su perro como un compa\u00f1ero de caza, la formaci\u00f3n debe comenzar a los seis meses junto con la raza adulta.<\/p>\n\n\n<h2 class=\"wp-block-heading\" id=\"enfermedades-comunes\">Enfermedades Comunes<\/h2>\n\n\n<p>Por t\u00e9rmino medio, los perros viven de 12 a 16 a\u00f1os. Debido al escaso n\u00famero de representantes, las enfermedades gen\u00e9ticas no est\u00e1n especialmente estudiadas. Se sabe que los Tazy son perros fuertes y activos, pero sensibles a cualquier dolor. No se recomienda entrenar al animal inmediatamente despu\u00e9s de comer. Puede conducir a la congesti\u00f3n intestinal. Se producen las siguientes enfermedades:<\/p>\n\n\n\n<ul class=\"wp-block-list\">\n<li>dermatitis;<\/li>\n\n\n\n<li>anemia;<\/li>\n\n\n\n<li>alergias;<\/li>\n\n\n\n<li>enfermedades del sistema cardiovascular;<\/li>\n\n\n\n<li>raquitismo.<\/li>\n<\/ul>\n\n\n<h2 class=\"wp-block-heading\" id=\"nutricion\">Nutrici\u00f3n<\/h2>\n\n\n<p>En cuanto a la nutrici\u00f3n, las cuencas son poco exigentes. Durante el entrenamiento activo, vale la pena aumentar las porciones una vez y media. Son adecuados los alimentos de primera calidad o una dieta natural. Elija carne magra, pescado de mar, papillas, verduras y frutas. La norma de productos c\u00e1rnicos para el Tazy es de unos 500 g\/d\u00eda. Est\u00e1 prohibido dar al animal alimentos salados, ahumados, dulces y picantes. Durante los cambios de estaci\u00f3n, a\u00f1adir a la comida complejos vitam\u00ednicos y minerales seleccionados junto con un especialista.<\/p>\n\n\n\n","protected":false},"excerpt":{"rendered":"<p>El car\u00e1cter del Tazy depende directamente del entorno. Al aire libre o durante la caza, los representantes de la raza son juguetones, activos y capaces de atrapar cualquier juego. Pero tan pronto como entran en un apartamento, se convierten en mascotas perezosas, que s\u00f3lo pueden tumbarse y mirar lo que est\u00e1 pasando. Desde el punto [&hellip;]<\/p>\n","protected":false},"author":2,"featured_media":6366,"parent":0,"menu_order":0,"comment_status":"closed","ping_status":"closed","template":"page-for-breeds.php","meta":{"_acf_changed":false,"inline_featured_image":false,"pgc_sgb_lightbox_settings":"","footnotes":""},"class_list":["post-31225","page","type-page","status-publish","has-post-thumbnail","hentry"],"acf":[],"_links":{"self":[{"href":"https:\/\/fello.pet\/es\/wp-json\/wp\/v2\/pages\/31225","targetHints":{"allow":["GET"]}}],"collection":[{"href":"https:\/\/fello.pet\/es\/wp-json\/wp\/v2\/pages"}],"about":[{"href":"https:\/\/fello.pet\/es\/wp-json\/wp\/v2\/types\/page"}],"author":[{"embeddable":true,"href":"https:\/\/fello.pet\/es\/wp-json\/wp\/v2\/users\/2"}],"replies":[{"embeddable":true,"href":"https:\/\/fello.pet\/es\/wp-json\/wp\/v2\/comments?post=31225"}],"version-history":[{"count":1,"href":"https:\/\/fello.pet\/es\/wp-json\/wp\/v2\/pages\/31225\/revisions"}],"predecessor-version":[{"id":31229,"href":"https:\/\/fello.pet\/es\/wp-json\/wp\/v2\/pages\/31225\/revisions\/31229"}],"wp:featuredmedia":[{"embeddable":true,"href":"https:\/\/fello.pet\/es\/wp-json\/wp\/v2\/media\/6366"}],"wp:attachment":[{"href":"https:\/\/fello.pet\/es\/wp-json\/wp\/v2\/media?parent=31225"}],"curies":[{"name":"wp","href":"https:\/\/api.w.org\/{rel}","templated":true}]}}