
{"id":31204,"date":"2024-05-30T13:45:46","date_gmt":"2024-05-30T13:45:46","guid":{"rendered":"https:\/\/fello.pet\/beaver-yorkshire-terrier\/"},"modified":"2024-05-30T13:58:25","modified_gmt":"2024-05-30T13:58:25","slug":"biewer-yorkshire-terrier","status":"publish","type":"page","link":"https:\/\/fello.pet\/es\/biewer-yorkshire-terrier\/","title":{"rendered":"Biewer Yorkshire Terrier"},"content":{"rendered":"\n<p><strong><em>El car\u00e1cter del Biewer yorkshire terrier es muy similar al del Yorkshire Terrier est\u00e1ndar, pero se ha perdido la capacidad de cazar. En general, es un perro alegre con una actitud activa. Aprende el mundo que le rodea con inter\u00e9s, entra de buen grado en contacto con otras personas y animales. Con los ni\u00f1os, los Biewer terrier encuentran r\u00e1pidamente un lenguaje com\u00fan. S\u00f3lo hay que explicarles que no deben tocar al perro mientras duerme o se alimenta, ya que esto puede perturbar su psique.<\/em><\/strong><\/p>\n\n\n\n<div class=\"wp-block-columns is-layout-flex wp-container-core-columns-is-layout-9d6595d7 wp-block-columns-is-layout-flex\">\n<div class=\"wp-block-column is-layout-flow wp-block-column-is-layout-flow\"><h2 class=\"simpletoc-title\">Tabla de \u0421ontenido<\/h2>\n<ul class=\"simpletoc-list\">\n<li><a href=\"#informacion-de-la-raza\">Informaci\u00f3n de la Raza<\/a>\n\n<\/li>\n<li><a href=\"#fotos-de-la-raza\">Fotos de la Raza<\/a>\n\n<\/li>\n<li><a href=\"#historia-de-origen\">Historia de Origen<\/a>\n\n<\/li>\n<li><a href=\"#apariencia\">Apariencia<\/a>\n\n<\/li>\n<li><a href=\"#personaje\">Personaje<\/a>\n\n<\/li>\n<li><a href=\"#cuidado\">Cuidado<\/a>\n\n<\/li>\n<li><a href=\"#formacion\">Formaci\u00f3n<\/a>\n\n<\/li>\n<li><a href=\"#enfermedades-comunes\">Enfermedades Comunes<\/a>\n\n<\/li>\n<li><a href=\"#nutricion\">Nutrici\u00f3n<\/a>\n<\/li><\/ul><\/div>\n\n\n\n<div class=\"wp-block-column is-layout-flow wp-block-column-is-layout-flow\"><h2 class=\"wp-block-heading\" id=\"informacion-de-la-raza\">Informaci\u00f3n de la Raza<\/h2>\n\n\n<figure class=\"wp-block-table alignleft\" style=\"font-size:18px\"><table class=\"has-fixed-layout\"><tbody><tr><td>Otro Nombre<\/td><td>Biewer terrier<\/td><\/tr><tr><td>Origen<\/td><td>Alemania<\/td><\/tr><tr><td>Altura<\/td><td>Machos 15-23 cm<br>Hembras 10-18 cm<\/td><\/tr><tr><td>Peso<\/td><td>1,8-3,6 kg<\/td><\/tr><tr><td>Pelo<\/td><td>Muy grueso crece hasta el suelo en longitud<\/td><\/tr><tr><td>Color<\/td><td>Blanco y negro o azul y blanco, as\u00ed como negro completo o azul completo con un jabot blanco<\/td><\/tr><tr><td>Esperanza de Vida<\/td><td>12-16 a\u00f1os<\/td><\/tr><tr><td>Clasificaci\u00f3n FCI<\/td><td>Razas fuera de la clasificaci\u00f3n FCI<\/td><\/tr><tr><td>Grupo<\/td><td>Perros de raza peque\u00f1a o de adorno<\/td><\/tr><tr><td>Precio<\/td><td>Desde $500<\/td><\/tr><\/tbody><\/table><\/figure>\n<\/div>\n<\/div>\n\n\n<h2 class=\"wp-block-heading\" id=\"fotos-de-la-raza\">Fotos de la Raza<\/h2>\n\n<div class=\"pgc-sgb-cb wp-block-pgcsimplygalleryblock-justified \" data-gallery-id=\"59661272\"><div class=\"sgb-preloader\" id=\"pr_59661272\">\n\t<div class=\"sgb-square\" style=\"background:#d4d4d4\"><\/div>\n\t<div class=\"sgb-square\" style=\"background:#d4d4d4\"><\/div>\n\t<div class=\"sgb-square\" style=\"background:#d4d4d4\"><\/div>\n\t<div class=\"sgb-square\" style=\"background:#d4d4d4\"><\/div><\/div><div class=\"simply-gallery-amp pgc_sgb_slider \"><noscript><div class=\"sgb-gallery\"><div class=\"sgb-item\"><a href=\"https:\/\/fello.pet\/es\/?attachment_id=6107\" target=\"_blank\"><img decoding=\"async\" alt=\"Biewer Yorkshire Terrier\" width=\"600\" height=\"400\" loading=\"lazy\" src=\"https:\/\/fello.pet\/wp-content\/uploads\/2022\/07\/Beaver-Yorkshire-Terrier-1.jpg\" srcset=\",https:\/\/fello.pet\/wp-content\/uploads\/2022\/07\/Beaver-Yorkshire-Terrier-1.jpg 600w\" sizes=\"auto, 250px\"\/><\/a><\/div><div class=\"sgb-item\"><a href=\"https:\/\/fello.pet\/es\/?attachment_id=6103\" target=\"_blank\"><img decoding=\"async\" alt=\"Biewer Yorkshire Terrier\" width=\"313\" height=\"400\" loading=\"lazy\" src=\"https:\/\/fello.pet\/wp-content\/uploads\/2022\/07\/Beaver-Yorkshire-Terrier-4-313x400.jpg\" srcset=\"https:\/\/fello.pet\/wp-content\/uploads\/2022\/07\/Beaver-Yorkshire-Terrier-4-313x400.jpg 313w,https:\/\/fello.pet\/wp-content\/uploads\/2022\/07\/Beaver-Yorkshire-Terrier-4-626x800.jpg 626w,https:\/\/fello.pet\/wp-content\/uploads\/2022\/07\/Beaver-Yorkshire-Terrier-4.jpg 832w\" sizes=\"auto, 250px\"\/><\/a><\/div><div class=\"sgb-item\"><a href=\"https:\/\/fello.pet\/es\/?attachment_id=6105\" target=\"_blank\"><img decoding=\"async\" alt=\"Biewer Yorkshire Terrier\" width=\"296\" height=\"400\" loading=\"lazy\" src=\"https:\/\/fello.pet\/wp-content\/uploads\/2022\/07\/Beaver-Yorkshire-Terrier-3-296x400.jpg\" srcset=\"https:\/\/fello.pet\/wp-content\/uploads\/2022\/07\/Beaver-Yorkshire-Terrier-3-296x400.jpg 296w,https:\/\/fello.pet\/wp-content\/uploads\/2022\/07\/Beaver-Yorkshire-Terrier-3-593x800.jpg 593w,https:\/\/fello.pet\/wp-content\/uploads\/2022\/07\/Beaver-Yorkshire-Terrier-3.jpg 716w\" sizes=\"auto, 250px\"\/><\/a><\/div><div class=\"sgb-item\"><a href=\"https:\/\/fello.pet\/es\/?attachment_id=6109\" target=\"_blank\"><img decoding=\"async\" alt=\"Biewer Yorkshire Terrier\" width=\"599\" height=\"400\" loading=\"lazy\" src=\"https:\/\/fello.pet\/wp-content\/uploads\/2022\/07\/Beaver-Yorkshire-Terrier-2-599x400.jpg\" srcset=\"https:\/\/fello.pet\/wp-content\/uploads\/2022\/07\/Beaver-Yorkshire-Terrier-2-599x400.jpg 599w,https:\/\/fello.pet\/wp-content\/uploads\/2022\/07\/Beaver-Yorkshire-Terrier-2.jpg 630w\" sizes=\"auto, 250px\"\/><\/a><\/div><\/div><\/noscript><\/div><script type=\"application\/json\" class=\"sgb-data\">{\"lastRowFill\":true,\"collectionThumbRecomendedHeight\":300,\"collectionThumbMiniScreenScale\":true,\"externalLink\":false,\"collectionThumbSubMenuDownload\":false,\"collectionThumbSubMenuShare\":false,\"galleryType\":\"pgc_sgb_justified\",\"galleryId\":\"59661272\",\"images\":[{\"id\":6107,\"title\":\"Biewer Yorkshire Terrier\",\"url\":\"https:\/\/fello.pet\/wp-content\/uploads\/2022\/07\/Beaver-Yorkshire-Terrier-1.jpg\",\"link\":\"https:\/\/fello.pet\/es\/?attachment_id=6107\",\"alt\":\"Biewer Yorkshire Terrier\",\"description\":\"\",\"caption\":\"\",\"mime\":\"image\/jpeg\",\"type\":\"image\",\"width\":600,\"height\":400,\"sizes\":{\"thumbnail\":{\"url\":\"https:\/\/fello.pet\/wp-content\/uploads\/2022\/07\/Beaver-Yorkshire-Terrier-1-280x280.jpg\",\"height\":280,\"width\":280,\"orientation\":\"landscape\"},\"full\":{\"url\":\"https:\/\/fello.pet\/wp-content\/uploads\/2022\/07\/Beaver-Yorkshire-Terrier-1.jpg\",\"height\":400,\"width\":600,\"orientation\":\"landscape\"}},\"imageMeta\":{\"aperture\":\"0\",\"credit\":\"\",\"camera\":\"\",\"caption\":\"\",\"created_timestamp\":\"0\",\"copyright\":\"\",\"focal_length\":\"0\",\"iso\":\"0\",\"shutter_speed\":\"0\",\"title\":\"\",\"orientation\":\"1\",\"keywords\":[]},\"meta\":false,\"postlink\":\"https:\/\/fello.pet\/es\/?attachment_id=6107\"},{\"id\":6103,\"title\":\"Biewer Yorkshire Terrier\",\"url\":\"https:\/\/fello.pet\/wp-content\/uploads\/2022\/07\/Beaver-Yorkshire-Terrier-4.jpg\",\"link\":\"https:\/\/fello.pet\/es\/?attachment_id=6103\",\"alt\":\"Biewer Yorkshire Terrier\",\"description\":\"\",\"caption\":\"\",\"mime\":\"image\/jpeg\",\"type\":\"image\",\"width\":832,\"height\":1064,\"sizes\":{\"thumbnail\":{\"url\":\"https:\/\/fello.pet\/wp-content\/uploads\/2022\/07\/Beaver-Yorkshire-Terrier-4-280x280.jpg\",\"height\":280,\"width\":280,\"orientation\":\"landscape\"},\"medium\":{\"url\":\"https:\/\/fello.pet\/wp-content\/uploads\/2022\/07\/Beaver-Yorkshire-Terrier-4-313x400.jpg\",\"height\":400,\"width\":313,\"orientation\":\"portrait\"},\"large\":{\"url\":\"https:\/\/fello.pet\/wp-content\/uploads\/2022\/07\/Beaver-Yorkshire-Terrier-4-626x800.jpg\",\"height\":800,\"width\":626,\"orientation\":\"portrait\"},\"full\":{\"url\":\"https:\/\/fello.pet\/wp-content\/uploads\/2022\/07\/Beaver-Yorkshire-Terrier-4.jpg\",\"height\":1064,\"width\":832,\"orientation\":\"portrait\"}},\"imageMeta\":{\"aperture\":\"2\",\"credit\":\"Getty Images\/iStockphoto\",\"camera\":\"Canon EOS 750D\",\"caption\":\"Hund\",\"created_timestamp\":\"1524268800\",\"copyright\":\"Vincent Scherer (Vincent Scherer (Photographer) - [None]\",\"focal_length\":\"50\",\"iso\":\"125\",\"shutter_speed\":\"0.0025\",\"title\":\"Biewer Terrier\",\"orientation\":\"1\",\"keywords\":[]},\"meta\":false,\"postlink\":\"https:\/\/fello.pet\/es\/?attachment_id=6103\"},{\"id\":6105,\"title\":\"Biewer Yorkshire Terrier\",\"url\":\"https:\/\/fello.pet\/wp-content\/uploads\/2022\/07\/Beaver-Yorkshire-Terrier-3.jpg\",\"link\":\"https:\/\/fello.pet\/es\/?attachment_id=6105\",\"alt\":\"Biewer Yorkshire Terrier\",\"description\":\"\",\"caption\":\"\",\"mime\":\"image\/jpeg\",\"type\":\"image\",\"width\":716,\"height\":966,\"sizes\":{\"thumbnail\":{\"url\":\"https:\/\/fello.pet\/wp-content\/uploads\/2022\/07\/Beaver-Yorkshire-Terrier-3-280x280.jpg\",\"height\":280,\"width\":280,\"orientation\":\"landscape\"},\"medium\":{\"url\":\"https:\/\/fello.pet\/wp-content\/uploads\/2022\/07\/Beaver-Yorkshire-Terrier-3-296x400.jpg\",\"height\":400,\"width\":296,\"orientation\":\"portrait\"},\"large\":{\"url\":\"https:\/\/fello.pet\/wp-content\/uploads\/2022\/07\/Beaver-Yorkshire-Terrier-3-593x800.jpg\",\"height\":800,\"width\":593,\"orientation\":\"portrait\"},\"full\":{\"url\":\"https:\/\/fello.pet\/wp-content\/uploads\/2022\/07\/Beaver-Yorkshire-Terrier-3.jpg\",\"height\":966,\"width\":716,\"orientation\":\"portrait\"}},\"imageMeta\":{\"aperture\":\"0\",\"credit\":\"\",\"camera\":\"\",\"caption\":\"\",\"created_timestamp\":\"0\",\"copyright\":\"\",\"focal_length\":\"0\",\"iso\":\"0\",\"shutter_speed\":\"0\",\"title\":\"\",\"orientation\":\"1\",\"keywords\":[]},\"meta\":false,\"postlink\":\"https:\/\/fello.pet\/es\/?attachment_id=6105\"},{\"id\":6109,\"title\":\"Biewer Yorkshire Terrier\",\"url\":\"https:\/\/fello.pet\/wp-content\/uploads\/2022\/07\/Beaver-Yorkshire-Terrier-2.jpg\",\"link\":\"https:\/\/fello.pet\/es\/?attachment_id=6109\",\"alt\":\"Biewer Yorkshire Terrier\",\"description\":\"\",\"caption\":\"\",\"mime\":\"image\/jpeg\",\"type\":\"image\",\"width\":630,\"height\":421,\"sizes\":{\"thumbnail\":{\"url\":\"https:\/\/fello.pet\/wp-content\/uploads\/2022\/07\/Beaver-Yorkshire-Terrier-2-280x280.jpg\",\"height\":280,\"width\":280,\"orientation\":\"landscape\"},\"medium\":{\"url\":\"https:\/\/fello.pet\/wp-content\/uploads\/2022\/07\/Beaver-Yorkshire-Terrier-2-599x400.jpg\",\"height\":400,\"width\":599,\"orientation\":\"landscape\"},\"full\":{\"url\":\"https:\/\/fello.pet\/wp-content\/uploads\/2022\/07\/Beaver-Yorkshire-Terrier-2.jpg\",\"height\":421,\"width\":630,\"orientation\":\"landscape\"}},\"imageMeta\":{\"aperture\":\"0\",\"credit\":\"\",\"camera\":\"\",\"caption\":\"\",\"created_timestamp\":\"0\",\"copyright\":\"\",\"focal_length\":\"0\",\"iso\":\"0\",\"shutter_speed\":\"0\",\"title\":\"\",\"orientation\":\"0\",\"keywords\":[]},\"meta\":false,\"postlink\":\"https:\/\/fello.pet\/es\/?attachment_id=6109\"}],\"useClobalSettings\":true,\"sharePost\":\"postlink\",\"sliderSocialShareEnabled\":false,\"itemsMetaDataCollection\":[]}<\/script><script>(function(){if(window.PGC_SGB && window.PGC_SGB.searcher){window.PGC_SGB.searcher.initBlocks()}})()<\/script><\/div>\n\n<h2 class=\"wp-block-heading\" id=\"historia-de-origen\">Historia de Origen<\/h2>\n\n\n<p>El Biewer yorkshire terrier es una subespecie separada del Yorkshire Terrier. La historia de la raza comenz\u00f3 con una camada de cachorros con manchas blancas nacidos de un criador alem\u00e1n de Yorkie en la d\u00e9cada de 1980. Werner y Gertrude Beaver llevaban unos 20 a\u00f1os criando y estaban muy interesados en esta cr\u00eda.<\/p>\n\n\n\n<p>Presentaron los Yorkies blancos y negros en una exposici\u00f3n en Wiesbaden. Un a\u00f1o despu\u00e9s, se registraron en Alemania, pero no fue hasta 2007 cuando se firm\u00f3 el est\u00e1ndar definitivo de la raza.<\/p>\n\n\n\n<p>Es un hecho interesante que en el nombre de la raza se pueda ver el prefijo \u00aba la Pom-Pon\u00bb, que se traduce como \u00abbola de hilo de color\u00bb. El prefijo tiene su origen en la cantante alemana Margot Eskens, cuando su marido le regal\u00f3 un cachorro blanco y negro.<\/p>\n\n\n<h2 class=\"wp-block-heading\" id=\"apariencia\">Apariencia<\/h2>\n\n\n<p>Esta raza es com\u00fanmente conocida como un \u00abjuguete que cobr\u00f3 vida\u00bb debido a su apariencia. El Biewer yorkshire terrier se diferencia de los Yorkshire Terrier ordinarios por la tonalidad de su pelaje. La cabeza es proporcional al cuerpo. El cuello est\u00e1 bien definido y es bastante largo. Los ojos son de tama\u00f1o medio, generalmente de un tono m\u00e1s oscuro. Las orejas son erguidas, en forma de tri\u00e1ngulo, de inserci\u00f3n alta. Los dientes tienen una mordida recta o en forma de tijera. El cuerpo est\u00e1 alargado; la cola no est\u00e1 cortada. El pecho est\u00e1 bien desarrollado. Las extremidades son rectas. El pelo del Biewer terrier es muy grueso; la longitud del pelo crece hasta el suelo. El pecho, las patas y el abdomen son siempre blancos. El cuerpo de la mascota suele ser blanco-azul, blanco y negro o azulado. Tambi\u00e9n hay manchas de color negro, blanco o arenoso en la cabeza. Los Biewer terrier tienden a cambiar el tono de su pelaje con la edad, dependiendo de su genotipo.<\/p>\n\n\n<h2 class=\"wp-block-heading\" id=\"personaje\">Personaje<\/h2>\n\n\n<p>El car\u00e1cter del Biewer yorkshire terrier es muy similar al del Yorkshire Terrier est\u00e1ndar, pero se ha perdido la capacidad de cazar. En general, es un perro alegre con una actitud activa. Aprende el mundo que le rodea con inter\u00e9s, entra de buen grado en contacto con otras personas y animales. Con los ni\u00f1os, los Biewer terrier encuentran r\u00e1pidamente un lenguaje com\u00fan. S\u00f3lo hay que explicarles que no deben tocar al perro mientras duerme o se alimenta, ya que esto puede perturbar su psique.<\/p>\n\n\n\n<p>Las mascotas son estupendas para tenerlas en un apartamento. Conservan su espontaneidad infantil de por vida. Al mismo tiempo, los Biewer terrier son muy inteligentes; de una vez por todas, recuerdan las normas de la casa. El perrito est\u00e1 adaptado a viajar con el due\u00f1o, por lo que es f\u00e1cil que se acostumbre a un nuevo lugar. Es mejor llevarlo contigo que dejarlo con extra\u00f1os. S\u00f3lo causar\u00e1 estr\u00e9s al Biewer terrier.<\/p>\n\n\n\n<p>A pesar de su peque\u00f1o tama\u00f1o, siempre est\u00e1n dispuestos a protegerse a s\u00ed mismos y a su due\u00f1o si se sienten amenazados. Algunos propietarios de Biewer yorkshire terriers empiezan a mimar a sus simp\u00e1ticas mascotas. Pero esto no parece correcto; un perro mimado puede ser un gran problema.<\/p>\n\n\n<h2 class=\"wp-block-heading\" id=\"cuidado\">Cuidado<\/h2>\n\n\n<p>No hay recomendaciones especiales para el cuidado del Biewer yorkshire terrier. Debe ser ba\u00f1ado una vez al mes con un champ\u00fa especial para perros de pelo largo. El pelo sedoso crece r\u00e1pidamente, por lo que el Biewer terrier, al igual que otros Yorkies, necesita ser recortado. Aunque no sea un perro de exposici\u00f3n, s\u00f3lo le facilitar\u00e1 la vida. Lleva ropa de abrigo y calzado especial en invierno para proteger sus pies de los restos de la carretera. Vigila sus orejas y cepillalas despu\u00e9s del ba\u00f1o o de un paseo en\u00e9rgico. Las u\u00f1as deben cortarse varias veces al mes.<\/p>\n\n\n\n<p>Biewer yorkshire terriers puede ser terco y se niegan a realizar tareas durante el entrenamiento. Pero si usted encuentra un acercamiento a la mascota, se puede ense\u00f1ar incluso trucos de circo.<\/p>\n\n\n<h2 class=\"wp-block-heading\" id=\"formacion\">Formaci\u00f3n<\/h2>\n\n\n<p>Lo mejor es empezar el adiestramiento con las normas m\u00e1s b\u00e1sicas, como no coger la comida de las manos, ir al ba\u00f1o en el lugar adecuado, no tirar de la correa. S\u00f3lo entonces se puede cargar al perro con el aprendizaje de \u00f3rdenes. Ya pueden reconocer a sus due\u00f1os a una edad temprana. El \u00e9xito del adiestramiento depende de la comprensi\u00f3n emocional del perro y del due\u00f1o.<\/p>\n\n\n\n<p>Una buena t\u00e1ctica ser\u00eda premiar al final. Puedes llevarte las sabrosas recompensas al paseo y entrenar a tu mascota al aire libre.<\/p>\n\n\n\n<p>Debe evitarse el castigo f\u00edsico. Los perros son susceptibles incluso a la entonaci\u00f3n del due\u00f1o y percibir\u00e1n inmediatamente una nota de enfado.<\/p>\n\n\n<h2 class=\"wp-block-heading\" id=\"enfermedades-comunes\">Enfermedades Comunes<\/h2>\n\n\n<p>Los Biewer yorkshire terrier tienen una buena inmunidad, pero no se arriesgue y pasee a su perro sin ropa cuando haga fr\u00edo. Estos perros son propensos a la bronquitis. Despu\u00e9s de un paseo, revisa el pelaje de tu mascota en busca de plagas.<\/p>\n\n\n\n<p>Los dientes del Biewer yorkshire terrier son propensos a la caries temprana. Cabe se\u00f1alar que esta raza no tolera bien la anestesia.<\/p>\n\n\n\n<p>El Biewer yorkshire terrier es propenso a estas enfermedades:<\/p>\n\n\n\n<ul class=\"wp-block-list\">\n<li>dislocaci\u00f3n de la r\u00f3tula;<\/li>\n\n\n\n<li>enfermedad de las enc\u00edas;<\/li>\n\n\n\n<li>irritaci\u00f3n de los ojos;<\/li>\n\n\n\n<li>derivaci\u00f3n extrahep\u00e1tica: se requiere una intervenci\u00f3n quir\u00fargica;<\/li>\n\n\n\n<li>pancreatitis.<\/li>\n<\/ul>\n\n\n<h2 class=\"wp-block-heading\" id=\"nutricion\">Nutrici\u00f3n<\/h2>\n\n\n<p>Biewer yorkshire terriers son propensos a la obesidad. Por lo tanto, vale la pena controlar las porciones de la mascota y no olvidarse de la actividad f\u00edsica. El perro debe ser alimentado tres veces al d\u00eda. La dieta debe ser equilibrada. El perro se beneficiar\u00e1 de la carne magra, los cereales y las verduras. No olvide los suplementos vitam\u00ednicos para mantener la calidad del pelaje. No olvide las grasas de los productos l\u00e1cteos. El agua debe estar siempre disponible para el Biewer yorkshire terrier.<\/p>\n\n\n\n","protected":false},"excerpt":{"rendered":"<p>El car\u00e1cter del Biewer yorkshire terrier es muy similar al del Yorkshire Terrier est\u00e1ndar, pero se ha perdido la capacidad de cazar. En general, es un perro alegre con una actitud activa. Aprende el mundo que le rodea con inter\u00e9s, entra de buen grado en contacto con otras personas y animales. Con los ni\u00f1os, los [&hellip;]<\/p>\n","protected":false},"author":2,"featured_media":6107,"parent":0,"menu_order":0,"comment_status":"closed","ping_status":"closed","template":"page-for-breeds.php","meta":{"_acf_changed":false,"inline_featured_image":false,"pgc_sgb_lightbox_settings":"","footnotes":""},"class_list":["post-31204","page","type-page","status-publish","has-post-thumbnail","hentry"],"acf":[],"_links":{"self":[{"href":"https:\/\/fello.pet\/es\/wp-json\/wp\/v2\/pages\/31204","targetHints":{"allow":["GET"]}}],"collection":[{"href":"https:\/\/fello.pet\/es\/wp-json\/wp\/v2\/pages"}],"about":[{"href":"https:\/\/fello.pet\/es\/wp-json\/wp\/v2\/types\/page"}],"author":[{"embeddable":true,"href":"https:\/\/fello.pet\/es\/wp-json\/wp\/v2\/users\/2"}],"replies":[{"embeddable":true,"href":"https:\/\/fello.pet\/es\/wp-json\/wp\/v2\/comments?post=31204"}],"version-history":[{"count":2,"href":"https:\/\/fello.pet\/es\/wp-json\/wp\/v2\/pages\/31204\/revisions"}],"predecessor-version":[{"id":31214,"href":"https:\/\/fello.pet\/es\/wp-json\/wp\/v2\/pages\/31204\/revisions\/31214"}],"wp:featuredmedia":[{"embeddable":true,"href":"https:\/\/fello.pet\/es\/wp-json\/wp\/v2\/media\/6107"}],"wp:attachment":[{"href":"https:\/\/fello.pet\/es\/wp-json\/wp\/v2\/media?parent=31204"}],"curies":[{"name":"wp","href":"https:\/\/api.w.org\/{rel}","templated":true}]}}