
{"id":31190,"date":"2024-05-30T13:33:19","date_gmt":"2024-05-30T13:33:19","guid":{"rendered":"https:\/\/fello.pet\/?page_id=31190"},"modified":"2024-05-30T15:02:59","modified_gmt":"2024-05-30T15:02:59","slug":"scottish-straight","status":"publish","type":"page","link":"https:\/\/fello.pet\/es\/scottish-straight\/","title":{"rendered":"Scottish Straight"},"content":{"rendered":"\n<p><strong><em>El Scottish Straight puede clasificarse como una raza de gato no agresiva. Autosuficiente puede prescindir de un amo durante bastante tiempo, no tiene miedo a la soledad, incluso es bienvenido. Curiosamente, al gato de esta raza no le gusta \u00abpasar el rato\u00bb en los brazos del due\u00f1o. Prefiere sentarse cerca y observar lo que ocurre en la casa desde un lado. El gato de raza escocesa es sociable con moderaci\u00f3n, pero no tiene problemas para encontrar el contacto con los ni\u00f1os.<\/em><\/strong><\/p>\n\n\n\n<div class=\"wp-block-columns is-layout-flex wp-container-core-columns-is-layout-9d6595d7 wp-block-columns-is-layout-flex\">\n<div class=\"wp-block-column is-layout-flow wp-block-column-is-layout-flow\"><h2 class=\"simpletoc-title\">Tabla de \u0421ontenido<\/h2>\n<ul class=\"simpletoc-list\">\n<li><a href=\"#informacion-de-la-raza\">Informaci\u00f3n de la Raza<\/a>\n\n<\/li>\n<li><a href=\"#fotos-de-la-raza\">Fotos de la Raza<\/a>\n\n<\/li>\n<li><a href=\"#historia-de-origen\">Historia de Origen<\/a>\n\n<\/li>\n<li><a href=\"#apariencia\">Apariencia<\/a>\n\n<\/li>\n<li><a href=\"#personaje\">Personaje<\/a>\n\n<\/li>\n<li><a href=\"#cuidado\">Cuidado<\/a>\n\n<\/li>\n<li><a href=\"#educacion\">Educaci\u00f3n<\/a>\n\n<\/li>\n<li><a href=\"#enfermedades-comunes\">Enfermedades Comunes<\/a>\n\n<\/li>\n<li><a href=\"#nutricion\">Nutrici\u00f3n<\/a>\n<\/li><\/ul><\/div>\n\n\n\n<div class=\"wp-block-column is-layout-flow wp-block-column-is-layout-flow\"><h2 class=\"wp-block-heading\" id=\"informacion-de-la-raza\">Informaci\u00f3n de la Raza<\/h2>\n\n\n<figure class=\"wp-block-table alignleft\" style=\"font-size:18px\"><table class=\"has-fixed-layout\"><tbody><tr><td>Origen<\/td><td>Escocia<\/td><\/tr><tr><td>Tama\u00f1o<\/td><td>Machos 27-30 cm<br>Hembras 24-27 cm<\/td><\/tr><tr><td>Peso<\/td><td>Machos 5-6 kg<br>Hembras 3-5 kg<\/td><\/tr><tr><td>Tipo de Piel<\/td><td>Pelo corto<\/td><\/tr><tr><td>Color<\/td><td>Todos los colores y patrones de pelaje<\/td><\/tr><tr><td>Estilo de Vida<\/td><td>Al aire libre, <br>en el interior<\/td><\/tr><tr><td>Esperanza de Vida<\/td><td>12-15 a\u00f1os<\/td><\/tr><tr><td>Clasificaci\u00f3n FIFe<\/td><td>\u2013<\/td><\/tr><tr><td>Clasificaci\u00f3n WCF<\/td><td>Grupo 3: \u00abPelo corto\u00bb Designaci\u00f3n de la raza \u2013 SFS-71<\/td><\/tr><tr><td>Clasificaci\u00f3n TICA<\/td><td>\u2013<\/td><\/tr><tr><td>Grupo<\/td><td>Gatos de pelo corto, gatos para apartamentos (gatos d\u00f3ciles), gatos para ni\u00f1os<\/td><\/tr><tr><td>Precio<\/td><td>$1000-1500<\/td><\/tr><\/tbody><\/table><\/figure>\n<\/div>\n<\/div>\n\n\n<h2 class=\"wp-block-heading\" id=\"fotos-de-la-raza\">Fotos de la Raza<\/h2>\n\n<div class=\"pgc-sgb-cb wp-block-pgcsimplygalleryblock-justified \" data-gallery-id=\"14d75435\"><div class=\"sgb-preloader\" id=\"pr_14d75435\">\n\t<div class=\"sgb-square\" style=\"background:#d4d4d4\"><\/div>\n\t<div class=\"sgb-square\" style=\"background:#d4d4d4\"><\/div>\n\t<div class=\"sgb-square\" style=\"background:#d4d4d4\"><\/div>\n\t<div class=\"sgb-square\" style=\"background:#d4d4d4\"><\/div><\/div><div class=\"simply-gallery-amp pgc_sgb_slider \"><noscript><div class=\"sgb-gallery\"><div class=\"sgb-item\"><a href=\"https:\/\/fello.pet\/es\/scottish-straight\/scottish-straight-1-2\/\" target=\"_blank\"><img decoding=\"async\" alt=\"Scottish Straight\" width=\"600\" height=\"400\" loading=\"lazy\" src=\"https:\/\/fello.pet\/wp-content\/uploads\/2022\/08\/Scottish-Straight-1-600x400.jpg\" srcset=\"https:\/\/fello.pet\/wp-content\/uploads\/2022\/08\/Scottish-Straight-1-600x400.jpg 600w,https:\/\/fello.pet\/wp-content\/uploads\/2022\/08\/Scottish-Straight-1.jpg 700w\" sizes=\"auto, 250px\"\/><\/a><\/div><div class=\"sgb-item\"><a href=\"https:\/\/fello.pet\/es\/scottish-straight\/scottish-straight-3-2\/\" target=\"_blank\"><img decoding=\"async\" alt=\"Scottish Straight\" width=\"257\" height=\"400\" loading=\"lazy\" src=\"https:\/\/fello.pet\/wp-content\/uploads\/2022\/08\/Scottish-Straight-3-257x400.jpg\" srcset=\"https:\/\/fello.pet\/wp-content\/uploads\/2022\/08\/Scottish-Straight-3-257x400.jpg 257w,https:\/\/fello.pet\/wp-content\/uploads\/2022\/08\/Scottish-Straight-3-514x800.jpg 514w,https:\/\/fello.pet\/wp-content\/uploads\/2022\/08\/Scottish-Straight-3-scaled.jpg 1644w\" sizes=\"auto, 250px\"\/><\/a><\/div><div class=\"sgb-item\"><a href=\"https:\/\/fello.pet\/es\/scottish-straight\/scottish-straight-2-2\/\" target=\"_blank\"><img decoding=\"async\" alt=\"Scottish Straight\" width=\"239\" height=\"400\" loading=\"lazy\" src=\"https:\/\/fello.pet\/wp-content\/uploads\/2022\/08\/Scottish-Straight-2-239x400.jpg\" srcset=\"https:\/\/fello.pet\/wp-content\/uploads\/2022\/08\/Scottish-Straight-2-239x400.jpg 239w,https:\/\/fello.pet\/wp-content\/uploads\/2022\/08\/Scottish-Straight-2.jpg 309w\" sizes=\"auto, 250px\"\/><\/a><\/div><div class=\"sgb-item\"><a href=\"https:\/\/fello.pet\/es\/scottish-straight\/scottish-straight-4-2\/\" target=\"_blank\"><img decoding=\"async\" alt=\"Scottish Straight\" width=\"713\" height=\"400\" loading=\"lazy\" src=\"https:\/\/fello.pet\/wp-content\/uploads\/2022\/08\/Scottish-Straight-4-713x400.jpg\" srcset=\"https:\/\/fello.pet\/wp-content\/uploads\/2022\/08\/Scottish-Straight-4-713x400.jpg 713w,https:\/\/fello.pet\/wp-content\/uploads\/2022\/08\/Scottish-Straight-4.jpg 978w\" sizes=\"auto, 250px\"\/><\/a><\/div><\/div><\/noscript><\/div><script type=\"application\/json\" class=\"sgb-data\">{\"lastRowFill\":true,\"collectionThumbRecomendedHeight\":300,\"collectionThumbMiniScreenScale\":true,\"externalLink\":false,\"collectionThumbSubMenuDownload\":false,\"collectionThumbSubMenuShare\":false,\"galleryType\":\"pgc_sgb_justified\",\"galleryId\":\"14d75435\",\"images\":[{\"id\":12008,\"title\":\"Scottish Straight\",\"url\":\"https:\/\/fello.pet\/wp-content\/uploads\/2022\/08\/Scottish-Straight-1.jpg\",\"link\":\"https:\/\/fello.pet\/es\/scottish-straight\/scottish-straight-1-2\/\",\"alt\":\"Scottish Straight\",\"description\":\"\",\"caption\":\"\",\"mime\":\"image\/jpeg\",\"type\":\"image\",\"width\":700,\"height\":467,\"sizes\":{\"thumbnail\":{\"url\":\"https:\/\/fello.pet\/wp-content\/uploads\/2022\/08\/Scottish-Straight-1-280x280.jpg\",\"height\":280,\"width\":280,\"orientation\":\"landscape\"},\"medium\":{\"url\":\"https:\/\/fello.pet\/wp-content\/uploads\/2022\/08\/Scottish-Straight-1-600x400.jpg\",\"height\":400,\"width\":600,\"orientation\":\"landscape\"},\"full\":{\"url\":\"https:\/\/fello.pet\/wp-content\/uploads\/2022\/08\/Scottish-Straight-1.jpg\",\"height\":467,\"width\":700,\"orientation\":\"landscape\"}},\"imageMeta\":{\"aperture\":\"0\",\"credit\":\"\",\"camera\":\"\",\"caption\":\"\",\"created_timestamp\":\"0\",\"copyright\":\"\",\"focal_length\":\"0\",\"iso\":\"0\",\"shutter_speed\":\"0\",\"title\":\"\",\"orientation\":\"0\",\"keywords\":[]},\"meta\":false,\"postlink\":\"https:\/\/fello.pet\/es\/scottish-straight\/scottish-straight-1-2\/\"},{\"id\":11996,\"title\":\"Scottish Straight\",\"url\":\"https:\/\/fello.pet\/wp-content\/uploads\/2022\/08\/Scottish-Straight-3-scaled.jpg\",\"link\":\"https:\/\/fello.pet\/es\/scottish-straight\/scottish-straight-3-2\/\",\"alt\":\"Scottish Straight\",\"description\":\"\",\"caption\":\"\",\"mime\":\"image\/jpeg\",\"type\":\"image\",\"width\":1644,\"height\":2560,\"sizes\":{\"thumbnail\":{\"url\":\"https:\/\/fello.pet\/wp-content\/uploads\/2022\/08\/Scottish-Straight-3-280x280.jpg\",\"height\":280,\"width\":280,\"orientation\":\"landscape\"},\"medium\":{\"url\":\"https:\/\/fello.pet\/wp-content\/uploads\/2022\/08\/Scottish-Straight-3-257x400.jpg\",\"height\":400,\"width\":257,\"orientation\":\"portrait\"},\"large\":{\"url\":\"https:\/\/fello.pet\/wp-content\/uploads\/2022\/08\/Scottish-Straight-3-514x800.jpg\",\"height\":800,\"width\":514,\"orientation\":\"portrait\"},\"full\":{\"url\":\"https:\/\/fello.pet\/wp-content\/uploads\/2022\/08\/Scottish-Straight-3-scaled.jpg\",\"height\":2560,\"width\":1644,\"orientation\":\"portrait\"}},\"imageMeta\":{\"aperture\":\"0\",\"credit\":\"\",\"camera\":\"\",\"caption\":\"\",\"created_timestamp\":\"0\",\"copyright\":\"\",\"focal_length\":\"0\",\"iso\":\"0\",\"shutter_speed\":\"0\",\"title\":\"\",\"orientation\":\"0\",\"keywords\":[]},\"meta\":false,\"postlink\":\"https:\/\/fello.pet\/es\/scottish-straight\/scottish-straight-3-2\/\"},{\"id\":12004,\"title\":\"Scottish Straight\",\"url\":\"https:\/\/fello.pet\/wp-content\/uploads\/2022\/08\/Scottish-Straight-2.jpg\",\"link\":\"https:\/\/fello.pet\/es\/scottish-straight\/scottish-straight-2-2\/\",\"alt\":\"Scottish Straight\",\"description\":\"\",\"caption\":\"\",\"mime\":\"image\/jpeg\",\"type\":\"image\",\"width\":309,\"height\":518,\"sizes\":{\"thumbnail\":{\"url\":\"https:\/\/fello.pet\/wp-content\/uploads\/2022\/08\/Scottish-Straight-2-280x280.jpg\",\"height\":280,\"width\":280,\"orientation\":\"landscape\"},\"medium\":{\"url\":\"https:\/\/fello.pet\/wp-content\/uploads\/2022\/08\/Scottish-Straight-2-239x400.jpg\",\"height\":400,\"width\":239,\"orientation\":\"portrait\"},\"full\":{\"url\":\"https:\/\/fello.pet\/wp-content\/uploads\/2022\/08\/Scottish-Straight-2.jpg\",\"height\":518,\"width\":309,\"orientation\":\"portrait\"}},\"imageMeta\":{\"aperture\":\"0\",\"credit\":\"\",\"camera\":\"\",\"caption\":\"\",\"created_timestamp\":\"0\",\"copyright\":\"\",\"focal_length\":\"0\",\"iso\":\"0\",\"shutter_speed\":\"0\",\"title\":\"\",\"orientation\":\"0\",\"keywords\":[]},\"meta\":false,\"postlink\":\"https:\/\/fello.pet\/es\/scottish-straight\/scottish-straight-2-2\/\"},{\"id\":12000,\"title\":\"Scottish Straight\",\"url\":\"https:\/\/fello.pet\/wp-content\/uploads\/2022\/08\/Scottish-Straight-4.jpg\",\"link\":\"https:\/\/fello.pet\/es\/scottish-straight\/scottish-straight-4-2\/\",\"alt\":\"Scottish Straight\",\"description\":\"\",\"caption\":\"\",\"mime\":\"image\/jpeg\",\"type\":\"image\",\"width\":978,\"height\":549,\"sizes\":{\"thumbnail\":{\"url\":\"https:\/\/fello.pet\/wp-content\/uploads\/2022\/08\/Scottish-Straight-4-280x280.jpg\",\"height\":280,\"width\":280,\"orientation\":\"landscape\"},\"medium\":{\"url\":\"https:\/\/fello.pet\/wp-content\/uploads\/2022\/08\/Scottish-Straight-4-713x400.jpg\",\"height\":400,\"width\":713,\"orientation\":\"landscape\"},\"full\":{\"url\":\"https:\/\/fello.pet\/wp-content\/uploads\/2022\/08\/Scottish-Straight-4.jpg\",\"height\":549,\"width\":978,\"orientation\":\"landscape\"}},\"imageMeta\":{\"aperture\":\"0\",\"credit\":\"\",\"camera\":\"\",\"caption\":\"\",\"created_timestamp\":\"1661969122\",\"copyright\":\"\",\"focal_length\":\"0\",\"iso\":\"0\",\"shutter_speed\":\"0\",\"title\":\"\",\"orientation\":\"1\",\"keywords\":[]},\"meta\":false,\"postlink\":\"https:\/\/fello.pet\/es\/scottish-straight\/scottish-straight-4-2\/\"}],\"useClobalSettings\":true,\"sharePost\":\"postlink\",\"sliderSocialShareEnabled\":false,\"itemsMetaDataCollection\":[]}<\/script><script>(function(){if(window.PGC_SGB && window.PGC_SGB.searcher){window.PGC_SGB.searcher.initBlocks()}})()<\/script><\/div>\n\n<h2 class=\"wp-block-heading\" id=\"historia-de-origen\">Historia de Origen<\/h2>\n\n\n<p>El Scottish Straight (Straight escoc\u00e9s) s\u00f3lo est\u00e1 reconocido oficialmente desde hace 15 a\u00f1os. Es una de las razas de gatos m\u00e1s j\u00f3venes. Los parientes m\u00e1s cercanos de los Scottish Straight son los Scottish Folds, que pueden considerarse hermanos mayores, pero de orejas ca\u00eddas.<\/p>\n\n\n\n<p>Todo es cuesti\u00f3n de gen\u00e9tica; bajo ning\u00fan concepto deben aparearse dos gatos de orejas ca\u00eddas, esas cr\u00edas nacen inviables. Esto oblig\u00f3 a los criadores a pensar en formas de cr\u00eda segura de las cr\u00edas. Los experimentos demostraron que uno de los padres deb\u00eda ser siempre de orejas rectas y el otro de orejas ca\u00eddas. En una pareja as\u00ed, nacen gatitos sanos y robustos, la mitad de los cuales son Scottish Folds, y la otra mitad Scottish Straights.<\/p>\n\n\n<h2 class=\"wp-block-heading\" id=\"apariencia\">Apariencia<\/h2>\n\n\n<p>El cuerpo del Straight Escoc\u00e9s es de longitud media, con un torso bien proporcionado y denso. Las patas son cortas pero fuertes, la cola es m\u00f3vil, lo que permite al Recto Escoc\u00e9s moverse con facilidad y plasticidad. Los ojos son redondos y grandes, generalmente a juego con el color del pelaje.<\/p>\n\n\n\n<p>La cabeza es redonda, la frente es convexa, las mejillas est\u00e1n llenas, pero el ment\u00f3n es de car\u00e1cter fuerte. Las orejas son rectas con las puntas separadas; son erectas, altas y de implantaci\u00f3n amplia.<\/p>\n\n\n\n<p>Existe la opini\u00f3n de que esta raza sol\u00eda cruzarse con el British Shorthair, pero hoy en d\u00eda ya no se practica. Sin embargo, las similitudes entre los escoceses y los brit\u00e1nicos siguen siendo evidentes, tanto en su aspecto como en su car\u00e1cter.<\/p>\n\n\n<h2 class=\"wp-block-heading\" id=\"personaje\">Personaje<\/h2>\n\n\n<p>El Scottish Straight puede clasificarse como una raza de gato no agresiva. Autosuficiente puede prescindir de un amo durante bastante tiempo, no tiene miedo a la soledad, incluso es bienvenido. Curiosamente, al gato de esta raza no le gusta \u00abpasar el rato\u00bb en los brazos del due\u00f1o. Prefiere sentarse cerca y observar lo que ocurre en la casa desde un lado. El gato de raza escocesa es sociable con moderaci\u00f3n, pero no tiene problemas para encontrar el contacto con los ni\u00f1os. Es tranquilo, pero no correr\u00e1 de cabeza por la vivienda; no es su estilo. Se comporta de forma neutral con otros animales si no se le hace da\u00f1o, pero no jugar\u00e1 con los perros de buena gana.<\/p>\n\n\n<h2 class=\"wp-block-heading\" id=\"cuidado\">Cuidado<\/h2>\n\n\n<p>Se debe comprar un gatito de raza recta escocesa a la edad de dos o tres meses, cuando ya no est\u00e9 amamantando y pueda existir de forma independiente sin los cuidados de la madre. Los cuidados del Scottish Straight no suponen ning\u00fan problema para el propietario.<\/p>\n\n\n\n<p>Peine el pelaje mullido una vez a la semana con cepillos con cerdas especiales. El cepillado nunca debe descuidarse, ya que puede provocar un mal funcionamiento intestinal. Despu\u00e9s de lamerse, una gran cantidad de pelo pasa al est\u00f3mago, lo que es malo para la digesti\u00f3n del Scottish Straight.<\/p>\n\n\n\n<p>Vigile el estado de las garras y las orejas. Las orejas deben ser acariciadas suavemente con bastoncillos de algod\u00f3n y crema para evitar que se sequen las costras. Recorte las u\u00f1as que hayan crecido hasta una determinada longitud utilizando cortau\u00f1as, tijeras o cortau\u00f1as. Tras el procedimiento, humedezca con per\u00f3xido para desinfectar y prevenir infecciones. Peri\u00f3dicamente, seg\u00fan la \u00e9poca del a\u00f1o, ba\u00f1e a su gato con champ\u00fa y jab\u00f3n para gatos.<\/p>\n\n\n<h2 class=\"wp-block-heading\" id=\"educacion\">Educaci\u00f3n<\/h2>\n\n\n<p>Scottish Straights are intellectually developed and quite intelligent. They do not need a hundred times to explain that you can not climb on the table. They quickly become accustomed to the litter box and walk on the leash. If desired, you can begin training and a couple of tricks the Scottish Rectangular will perform. The main thing is to approach the process wisely, the reward for successes, and not scold for failures.<\/p>\n\n\n<h2 class=\"wp-block-heading\" id=\"enfermedades-comunes\">Enfermedades Comunes<\/h2>\n\n\n<p>Visite al veterinario con regularidad, vacune, desparasite y trate las pulgas. Una camada puede tener un Straight y un Fold porque est\u00e1 prohibido aparear dos gatos de orejas ca\u00eddas. Una pareja de padres es siempre un Straight m\u00e1s un Fold.<\/p>\n\n\n\n<p>La raza Scottish Straight puede clasificarse como bastante saludable. A veces hay enfermedades del sistema genitourinario, artritis y artrosis. La detecci\u00f3n oportuna de los s\u00edntomas ayudar\u00e1 a eliminar la enfermedad \u00abde ra\u00edz\u00bb. Adem\u00e1s, la mascota debe ser vacunada durante dos meses y se debe llevar a cabo una prevenci\u00f3n antiparasitaria peri\u00f3dica.<\/p>\n\n\n<h2 class=\"wp-block-heading\" id=\"nutricion\">Nutrici\u00f3n<\/h2>\n\n\n<p>Las caracter\u00edsticas individuales de los sistemas digestivo y urogenital afectan al proceso nutricional de la mascota. La dieta del hetero escoc\u00e9s debe incluir productos naturales y alimentos secos con bioaditivos. El kashi, el reques\u00f3n, la leche y las verduras son componentes obligatorios de la dieta. Hay que respetar estrictamente la dosis diaria de calcio, ya que el aparato musculoesquel\u00e9tico de los Straight es propenso a sufrir trastornos. Est\u00e1 estrictamente prohibido abusar de los alimentos que contienen una gran cantidad de grasa y sal; impiden el movimiento y contribuyen a la obesidad de la mascota, reducen su actividad y movilidad.<\/p>\n\n\n\n","protected":false},"excerpt":{"rendered":"<p>El Scottish Straight puede clasificarse como una raza de gato no agresiva. Autosuficiente puede prescindir de un amo durante bastante tiempo, no tiene miedo a la soledad, incluso es bienvenido. Curiosamente, al gato de esta raza no le gusta \u00abpasar el rato\u00bb en los brazos del due\u00f1o. Prefiere sentarse cerca y observar lo que ocurre [&hellip;]<\/p>\n","protected":false},"author":2,"featured_media":12008,"parent":0,"menu_order":0,"comment_status":"closed","ping_status":"closed","template":"page-for-breeds.php","meta":{"_acf_changed":false,"inline_featured_image":false,"pgc_sgb_lightbox_settings":"","footnotes":""},"class_list":["post-31190","page","type-page","status-publish","has-post-thumbnail","hentry"],"acf":[],"_links":{"self":[{"href":"https:\/\/fello.pet\/es\/wp-json\/wp\/v2\/pages\/31190","targetHints":{"allow":["GET"]}}],"collection":[{"href":"https:\/\/fello.pet\/es\/wp-json\/wp\/v2\/pages"}],"about":[{"href":"https:\/\/fello.pet\/es\/wp-json\/wp\/v2\/types\/page"}],"author":[{"embeddable":true,"href":"https:\/\/fello.pet\/es\/wp-json\/wp\/v2\/users\/2"}],"replies":[{"embeddable":true,"href":"https:\/\/fello.pet\/es\/wp-json\/wp\/v2\/comments?post=31190"}],"version-history":[{"count":3,"href":"https:\/\/fello.pet\/es\/wp-json\/wp\/v2\/pages\/31190\/revisions"}],"predecessor-version":[{"id":31217,"href":"https:\/\/fello.pet\/es\/wp-json\/wp\/v2\/pages\/31190\/revisions\/31217"}],"wp:featuredmedia":[{"embeddable":true,"href":"https:\/\/fello.pet\/es\/wp-json\/wp\/v2\/media\/12008"}],"wp:attachment":[{"href":"https:\/\/fello.pet\/es\/wp-json\/wp\/v2\/media?parent=31190"}],"curies":[{"name":"wp","href":"https:\/\/api.w.org\/{rel}","templated":true}]}}