
{"id":15292,"date":"2023-06-05T12:29:45","date_gmt":"2023-06-05T12:29:45","guid":{"rendered":"https:\/\/fello.pet\/?page_id=15292"},"modified":"2023-07-12T07:01:08","modified_gmt":"2023-07-12T07:01:08","slug":"politica-de-privacidad","status":"publish","type":"page","link":"https:\/\/fello.pet\/es\/politica-de-privacidad\/","title":{"rendered":"Pol\u00edtica de privacidad"},"content":{"rendered":"<h1>Pol\u00edtica de privacidad de fello.pet<\/h1>\n<p>En https:\/\/fello.pet, accesible desde https:\/\/fello.pet, una de nuestras principales prioridades es la privacidad de nuestros visitantes. Este documento de Pol\u00edtica de privacidad contiene tipos de informaci\u00f3n que https:\/\/fello.pet recopila y registra y c\u00f3mo la usamos.<\/p>\n<p>Si tiene preguntas adicionales o requiere m\u00e1s informaci\u00f3n sobre nuestra Pol\u00edtica de Privacidad, no dude en contactarnos.<\/p>\n<p>Esta Pol\u00edtica de privacidad se aplica solo a nuestras actividades en l\u00ednea y es v\u00e1lida para los visitantes de nuestro sitio web con respecto a la informaci\u00f3n que compartieron y\/o recopilaron en https:\/\/fello.pet. Esta pol\u00edtica no se aplica a ninguna informaci\u00f3n recopilada fuera de l\u00ednea o a trav\u00e9s de canales que no sean este sitio web.<\/p>\n<h2>Consentimiento<\/h2>\n<p>Al utilizar nuestro sitio web, usted acepta nuestra Pol\u00edtica de privacidad y acepta sus t\u00e9rminos.<\/p>\n<h2>Informaci\u00f3n que recopilamos<\/h2>\n<p>La informaci\u00f3n personal que se le solicita que proporcione y los motivos por los que se le solicita que la proporcione se le aclarar\u00e1n en el momento en que le solicitemos que proporcione su informaci\u00f3n personal.<\/p>\n<p>Si se comunica con nosotros directamente, es posible que recibamos informaci\u00f3n adicional sobre usted, como su nombre, direcci\u00f3n de correo electr\u00f3nico, n\u00famero de tel\u00e9fono, el contenido del mensaje y\/o los archivos adjuntos que nos env\u00ede, y cualquier otra informaci\u00f3n que decida proporcionar. .<\/p>\n<p>Cuando se registra para una Cuenta, es posible que le solicitemos su informaci\u00f3n de contacto, incluidos elementos como el nombre, el nombre de la empresa, la direcci\u00f3n, la direcci\u00f3n de correo electr\u00f3nico y el n\u00famero de tel\u00e9fono.<\/p>\n<h2>C\u00f3mo usamos su informaci\u00f3n<\/h2>\n<p>Utilizamos la informaci\u00f3n que recopilamos de varias formas, entre ellas:<\/p>\n<ul>\n<li>Proporcionar, operar y mantener nuestro sitio web<\/li>\n<li>Mejorar, personalizar y expandir nuestro sitio web<\/li>\n<li>Comprender y analizar c\u00f3mo utiliza nuestro sitio web<\/li>\n<li>Desarrollar nuevos productos, servicios, caracter\u00edsticas y funciones<\/li>\n<li>Comunicarnos con usted, ya sea directamente o a trav\u00e9s de uno de nuestros socios, incluido el servicio de atenci\u00f3n al cliente, para brindarle actualizaciones y otra informaci\u00f3n relacionada con el sitio web, y con fines promocionales y de marketing<\/li>\n<li>Enviarle correos electr\u00f3nicos<\/li>\n<li>Encuentre y prevenga el fraude<\/li>\n<\/ul>\n<h2>Archivos de registro<\/h2>\n<p>https:\/\/fello.pet sigue un procedimiento est\u00e1ndar de uso de archivos de registro. Estos archivos registran a los visitantes cuando visitan sitios web. Todas las empresas de alojamiento hacen esto y forman parte del an\u00e1lisis de los servicios de alojamiento. La informaci\u00f3n recopilada por los archivos de registro incluye direcciones de protocolo de Internet (IP), tipo de navegador, proveedor de servicios de Internet (ISP), marca de fecha y hora, p\u00e1ginas de referencia\/salida y, posiblemente, la cantidad de clics. Estos no est\u00e1n vinculados a ninguna informaci\u00f3n que sea personalmente identificable. El prop\u00f3sito de la informaci\u00f3n es analizar tendencias, administrar el sitio, rastrear el movimiento de los usuarios en el sitio web y recopilar informaci\u00f3n demogr\u00e1fica.<\/p>\n<h2>Cookies y balizas web<\/h2>\n<p>Como cualquier otro sitio web, https:\/\/fello.pet utiliza \u00abcookies\u00bb. Estas cookies se utilizan para almacenar informaci\u00f3n, incluidas las preferencias de los visitantes y las p\u00e1ginas del sitio web a las que accedi\u00f3 o visit\u00f3 el visitante. La informaci\u00f3n se utiliza para optimizar la experiencia de los usuarios al personalizar el contenido de nuestra p\u00e1gina web seg\u00fan el tipo de navegador de los visitantes y\/u otra informaci\u00f3n.<\/p>\n<h2>Cookie de Google DoubleClick DART<\/h2>\n<p>Google es uno de los proveedores externos de nuestro sitio. Tambi\u00e9n utiliza cookies, conocidas como cookies de DART, para mostrar anuncios a los visitantes de nuestro sitio en funci\u00f3n de su visita a www.website.com y otros sitios en Internet. Sin embargo, los visitantes pueden optar por rechazar el uso de cookies de DART visitando la Pol\u00edtica de privacidad de la red de contenido y anuncios de Google en la siguiente URL: <a href=\"https:\/\/policies.google.com\/technologies\/ads\" rel=\"nofollow noopener\" target=\"_blank\">https:\/ \/policies.google.com\/technologies\/ads<\/a><\/p>\n<h2>Nuestros socios publicitarios<\/h2>\n<p>Algunos de los anunciantes en nuestro sitio pueden usar cookies y balizas web. Nuestros socios publicitarios se enumeran a continuaci\u00f3n. Cada uno de nuestros socios publicitarios tiene su propia Pol\u00edtica de privacidad para sus pol\u00edticas sobre los datos del usuario. Para facilitar el acceso, tenemos un hiperv\u00ednculo a sus Pol\u00edticas de privacidad a continuaci\u00f3n.<\/p>\n<ul>\n<li>\n<p>Google<\/p>\n<p><a href=\"https:\/\/policies.google.com\/technologies\/ads\" rel=\"nofollow noopener\" target=\"_blank\">https:\/\/policies.google.com\/technologies\/ads<\/a><\/p>\n<\/li>\n<\/ul>\n<h2>Pol\u00edticas de privacidad de los socios publicitarios<\/h2>\n<p>Puede consultar esta lista para encontrar la Pol\u00edtica de privacidad de cada uno de los socios publicitarios de https:\/\/fello.pet.<\/p>\n<p>Los servidores de anuncios o redes publicitarias de terceros utilizan tecnolog\u00edas como cookies, JavaScript o balizas web que se utilizan en sus respectivos anuncios y enlaces que aparecen en https:\/\/fello.pet, que se env\u00edan directamente al navegador de los usuarios. Reciben autom\u00e1ticamente su direcci\u00f3n IP cuando esto ocurre. Estas tecnolog\u00edas se utilizan para medir la efectividad de sus campa\u00f1as publicitarias y\/o para personalizar el contenido publicitario que ve en los sitios web que visita.<\/p>\n<p>Tenga en cuenta que https:\/\/fello.pet no tiene acceso ni control sobre estas cookies que utilizan los anunciantes externos.<\/p>\n<h2>Pol\u00edticas de privacidad de terceros<\/h2>\n<p>La pol\u00edtica de privacidad de https:\/\/fello.pet no se aplica a otros anunciantes o sitios web. Por lo tanto, le recomendamos que consulte las Pol\u00edticas de privacidad respectivas de estos servidores de anuncios de terceros para obtener informaci\u00f3n m\u00e1s detallada. Puede incluir sus pr\u00e1cticas e instrucciones sobre c\u00f3mo excluirse de ciertas opciones.<\/p>\n<p>Puede optar por deshabilitar las cookies a trav\u00e9s de las opciones de su navegador individual. Para conocer informaci\u00f3n m\u00e1s detallada sobre la gesti\u00f3n de cookies con navegadores web espec\u00edficos, se puede encontrar en los sitios web respectivos de los navegadores.<\/p>\n<h2>Derechos de privacidad de CCPA (No vender mi informaci\u00f3n personal)<\/h2>\n<p>Seg\u00fan la CCPA, entre otros derechos, los consumidores de California tienen derecho a:<\/p>\n<p>Solicitar que una empresa que recopila datos personales de un consumidor divulgue las categor\u00edas y piezas espec\u00edficas de datos personales que una empresa ha recopilado sobre los consumidores.<\/p>\n<p>Solicitar que una empresa elimine cualquier dato personal sobre el consumidor que haya recopilado una empresa.<\/p>\n<p>Solicitar que una empresa que vende los datos personales de un consumidor, no venda los datos personales del consumidor.<\/p>\n<p>Si realiza una solicitud, tenemos un mes para responderle. Si desea ejercer alguno de estos derechos, p\u00f3ngase en contacto con nosotros.<\/p>\n<h2>Derechos de protecci\u00f3n de datos del RGPD<\/h2>\n<p>Nos gustar\u00eda asegurarnos de que conoce todos sus derechos de protecci\u00f3n de datos. Todo usuario tiene derecho a lo siguiente:<\/p>\n<p>El derecho de acceso: tiene derecho a solicitar copias de sus datos personales. Es posible que le cobremos una peque\u00f1a tarifa por este servicio.<\/p>\n<p>El derecho a la rectificaci\u00f3n: tiene derecho a solicitar que corrijamos cualquier informaci\u00f3n que crea que es inexacta. Tambi\u00e9n tiene derecho a solicitar que completemos la informaci\u00f3n que cree que est\u00e1 incompleta.<\/p>\n<p>El derecho a borrar: tiene derecho a solicitar que borremos sus datos personales, bajo ciertas condiciones.<\/p>\n<p>El derecho a restringir el procesamiento: tiene derecho a solicitar que restrinjamos el procesamiento de sus datos personales, bajo ciertas condiciones.<\/p>\n<p>El derecho a oponerse al procesamiento: tiene derecho a oponerse a que procesemos sus datos personales, bajo ciertas condiciones.<\/p>\n<p>El derecho a la portabilidad de datos: tiene derecho a solicitar que transfiramos los datos que hemos recopilado a otra organizaci\u00f3n, o directamente a usted, bajo ciertas condiciones.<\/p>\n<p>Si realiza una solicitud, tenemos un mes para responderle. Si desea ejercer alguno de estos derechos, p\u00f3ngase en contacto con nosotros.<\/p>\n<h2>Informaci\u00f3n infantil<\/h2>\n<p>Otra parte de nuestra prioridad es agregar protecci\u00f3n para los ni\u00f1os mientras usan Internet. Alentamos a los padres y tutores a observar, participar y\/o monitorear y guiar su actividad en l\u00ednea.<\/p>\n<p>https:\/\/fello.pet no recopila a sabiendas ninguna informaci\u00f3n de identificaci\u00f3n personal de ni\u00f1os menores de 13 a\u00f1os. Si cree que su hijo proporcion\u00f3 este tipo de informaci\u00f3n en nuestro sitio web, le recomendamos que se comunique con nosotros de inmediato y haremos todo lo posible para eliminar de inmediato dicha informaci\u00f3n de nuestros registros.<\/p>\n<h2>Cambios a esta Pol\u00edtica de Privacidad<\/h2>\n<p>Podemos actualizar nuestra Pol\u00edtica de privacidad de vez en cuando. Por lo tanto, le recomendamos que revise esta p\u00e1gina peri\u00f3dicamente por cualquier cambio. Le notificaremos cualquier cambio publicando la nueva Pol\u00edtica de Privacidad en esta p\u00e1gina. Estos cambios entran en vigencia inmediatamente despu\u00e9s de que se publiquen en esta p\u00e1gina.<\/p>\n<p><strong>SERVICIOS EZOICOS<\/strong><\/p>\n<p>Este sitio web utiliza los servicios de Ezoic Inc. (\u00abEzoico\u00bb). La pol\u00edtica de privacidad de Ezoic <a href=\"https:\/\/www.ezoic.com\/privacy-policy\/\" rel=\"nofollow noopener\" target=\"_blank\">est\u00e1 aqu\u00ed<\/a>. Ezoic puede emplear una variedad de tecnolog\u00edas en este sitio web, incluso para mostrar anuncios y permitir publicidad a los visitantes de este sitio web. Para obtener informaci\u00f3n adicional sobre los socios publicitarios de Ezoic, consulte<a href=\"https:\/\/www.ezoic.com\/privacy-policy\/ad-partners\/\" rel=\"nofollow noopener\" target=\"_blank\"> la p\u00e1gina de socios publicitarios de Ezoic aqu\u00ed<\/a>.<\/p>\n","protected":false},"excerpt":{"rendered":"<p>Pol\u00edtica de privacidad de fello.pet En https:\/\/fello.pet, accesible desde https:\/\/fello.pet, una de nuestras principales prioridades es la privacidad de nuestros visitantes. Este documento de Pol\u00edtica de privacidad contiene tipos de informaci\u00f3n que https:\/\/fello.pet recopila y registra y c\u00f3mo la usamos. Si tiene preguntas adicionales o requiere m\u00e1s informaci\u00f3n sobre nuestra Pol\u00edtica de Privacidad, no dude [&hellip;]<\/p>\n","protected":false},"author":3,"featured_media":0,"parent":0,"menu_order":0,"comment_status":"closed","ping_status":"closed","template":"elementor_header_footer","meta":{"_acf_changed":false,"inline_featured_image":false,"pgc_sgb_lightbox_settings":"","footnotes":""},"class_list":["post-15292","page","type-page","status-publish","hentry"],"acf":[],"_links":{"self":[{"href":"https:\/\/fello.pet\/es\/wp-json\/wp\/v2\/pages\/15292","targetHints":{"allow":["GET"]}}],"collection":[{"href":"https:\/\/fello.pet\/es\/wp-json\/wp\/v2\/pages"}],"about":[{"href":"https:\/\/fello.pet\/es\/wp-json\/wp\/v2\/types\/page"}],"author":[{"embeddable":true,"href":"https:\/\/fello.pet\/es\/wp-json\/wp\/v2\/users\/3"}],"replies":[{"embeddable":true,"href":"https:\/\/fello.pet\/es\/wp-json\/wp\/v2\/comments?post=15292"}],"version-history":[{"count":10,"href":"https:\/\/fello.pet\/es\/wp-json\/wp\/v2\/pages\/15292\/revisions"}],"predecessor-version":[{"id":15481,"href":"https:\/\/fello.pet\/es\/wp-json\/wp\/v2\/pages\/15292\/revisions\/15481"}],"wp:attachment":[{"href":"https:\/\/fello.pet\/es\/wp-json\/wp\/v2\/media?parent=15292"}],"curies":[{"name":"wp","href":"https:\/\/api.w.org\/{rel}","templated":true}]}}