
{"id":15270,"date":"2013-08-11T19:06:15","date_gmt":"2013-08-11T19:06:15","guid":{"rendered":"https:\/\/fello.pet\/?page_id=15270"},"modified":"2023-06-27T09:43:19","modified_gmt":"2023-06-27T09:43:19","slug":"sobre-nosotros","status":"publish","type":"page","link":"https:\/\/fello.pet\/es\/sobre-nosotros\/","title":{"rendered":"Sobre nosotros"},"content":{"rendered":"<h2>Sobre nosotros<\/h2>\n<p><strong>Fello.pet es la comunidad de amantes de los animales.<\/strong><\/p>\n<p>Cubrimos el mayor cat\u00e1logo de razas de perros, gatos y caballos. El perfil detallado de cada raza cubre la historia de origen, car\u00e1cter, entrenamiento, alimentaci\u00f3n y cuidados necesarios.<br \/>\n<img decoding=\"async\" src=\"https:\/\/fello.pet\/wp-content\/uploads\/2023\/05\/kopiya-granula-15.11.19-221_2.jpg-799x800.webp\" alt=\"\" loading=\"lazy\" srcset=\"https:\/\/fello.pet\/wp-content\/uploads\/2023\/05\/kopiya-granula-15.11.19-221_2.jpg-799x800.webp 799w, https:\/\/fello.pet\/wp-content\/uploads\/2023\/05\/kopiya-granula-15.11.19-221_2.jpg-400x400.webp 400w, https:\/\/fello.pet\/wp-content\/uploads\/2023\/05\/kopiya-granula-15.11.19-221_2.jpg-280x280.webp 280w, https:\/\/fello.pet\/wp-content\/uploads\/2023\/05\/kopiya-granula-15.11.19-221_2.jpg-768x769.webp 768w, https:\/\/fello.pet\/wp-content\/uploads\/2023\/05\/kopiya-granula-15.11.19-221_2.jpg-510x510.webp 510w, https:\/\/fello.pet\/wp-content\/uploads\/2023\/05\/kopiya-granula-15.11.19-221_2.jpg-100x100.webp 100w, https:\/\/fello.pet\/wp-content\/uploads\/2023\/05\/kopiya-granula-15.11.19-221_2.jpg.webp 1200w\" sizes=\"auto, (max-width: 799px) 100vw, 799px\" width=\"799\" height=\"800\"><br \/>\nArtem Sukhina Vision, Management<br \/>\n<a href=\"https:\/\/www.facebook.com\/artem.sukhina\" target=\"_blank\" rel=\"noopener nofollow\"><br \/>\nFacebook<br \/>\n<\/a><br \/>\n<a href=\"https:\/\/www.linkedin.com\/in\/artem-sukhina\/\" target=\"_blank\" rel=\"noopener nofollow\"><br \/>\nLinkedin<br \/>\n<\/a><br \/>\n<img decoding=\"async\" src=\"https:\/\/fello.pet\/wp-content\/uploads\/2023\/05\/photo_2021-04-17_01-44-12.jpg-800x800.webp\" alt=\"\" loading=\"lazy\" srcset=\"https:\/\/fello.pet\/wp-content\/uploads\/2023\/05\/photo_2021-04-17_01-44-12.jpg-800x800.webp 800w, https:\/\/fello.pet\/wp-content\/uploads\/2023\/05\/photo_2021-04-17_01-44-12.jpg-400x400.webp 400w, https:\/\/fello.pet\/wp-content\/uploads\/2023\/05\/photo_2021-04-17_01-44-12.jpg-280x280.webp 280w, https:\/\/fello.pet\/wp-content\/uploads\/2023\/05\/photo_2021-04-17_01-44-12.jpg-768x768.webp 768w, https:\/\/fello.pet\/wp-content\/uploads\/2023\/05\/photo_2021-04-17_01-44-12.jpg-510x510.webp 510w, https:\/\/fello.pet\/wp-content\/uploads\/2023\/05\/photo_2021-04-17_01-44-12.jpg-100x100.webp 100w, https:\/\/fello.pet\/wp-content\/uploads\/2023\/05\/photo_2021-04-17_01-44-12.jpg.webp 1280w\" sizes=\"auto, (max-width: 800px) 100vw, 800px\" width=\"800\" height=\"800\"><br \/>\nValeriya LeskinaAuthor, Content Management<br \/>\n<a href=\"https:\/\/www.facebook.com\/valeriya.leskina1994\/\" target=\"_blank\" rel=\"noopener nofollow\"><br \/>\nFacebook<br \/>\n<\/a><br \/>\n<a href=\"https:\/\/fello.pet\/author\/vleskina\/\" target=\"_blank\" rel=\"noopener\"><br \/>\nFolder-open<br \/>\n<\/a><br \/>\n<img decoding=\"async\" src=\"https:\/\/fello.pet\/wp-content\/uploads\/2023\/05\/162817229_2867659013505999_5389513432552824308_n.jpeg-800x800.webp\" alt=\"\" loading=\"lazy\" srcset=\"https:\/\/fello.pet\/wp-content\/uploads\/2023\/05\/162817229_2867659013505999_5389513432552824308_n.jpeg-800x800.webp 800w, https:\/\/fello.pet\/wp-content\/uploads\/2023\/05\/162817229_2867659013505999_5389513432552824308_n.jpeg-400x400.webp 400w, https:\/\/fello.pet\/wp-content\/uploads\/2023\/05\/162817229_2867659013505999_5389513432552824308_n.jpeg-280x280.webp 280w, https:\/\/fello.pet\/wp-content\/uploads\/2023\/05\/162817229_2867659013505999_5389513432552824308_n.jpeg-768x768.webp 768w, https:\/\/fello.pet\/wp-content\/uploads\/2023\/05\/162817229_2867659013505999_5389513432552824308_n.jpeg-1536x1536.webp 1536w, https:\/\/fello.pet\/wp-content\/uploads\/2023\/05\/162817229_2867659013505999_5389513432552824308_n.jpeg-510x510.webp 510w, https:\/\/fello.pet\/wp-content\/uploads\/2023\/05\/162817229_2867659013505999_5389513432552824308_n.jpeg-100x100.webp 100w, https:\/\/fello.pet\/wp-content\/uploads\/2023\/05\/162817229_2867659013505999_5389513432552824308_n.jpeg.webp 2048w\" sizes=\"auto, (max-width: 800px) 100vw, 800px\" width=\"800\" height=\"800\"><br \/>\nNastasya KnyazevaAuthor<br \/>\n<a href=\"https:\/\/www.facebook.com\/nastasya.knyazeva\" target=\"_blank\" rel=\"noopener nofollow\"><br \/>\nFacebook<br \/>\n<\/a><br \/>\n<a href=\"https:\/\/fello.pet\/author\/apasichnaia\/\" target=\"_blank\" rel=\"noopener\"><br \/>\nFolder-open<br \/>\n<\/a><\/p>\n","protected":false},"excerpt":{"rendered":"<p>Sobre nosotros Fello.pet es la comunidad de amantes de los animales. Cubrimos el mayor cat\u00e1logo de razas de perros, gatos y caballos. El perfil detallado de cada raza cubre la historia de origen, car\u00e1cter, entrenamiento, alimentaci\u00f3n y cuidados necesarios. Artem Sukhina Vision, Management Facebook Linkedin Valeriya LeskinaAuthor, Content Management Facebook Folder-open Nastasya KnyazevaAuthor Facebook Folder-open<\/p>\n","protected":false},"author":3,"featured_media":32,"parent":0,"menu_order":0,"comment_status":"closed","ping_status":"closed","template":"","meta":{"_acf_changed":false,"inline_featured_image":false,"pgc_sgb_lightbox_settings":"","footnotes":""},"class_list":["post-15270","page","type-page","status-publish","has-post-thumbnail","hentry"],"acf":[],"_links":{"self":[{"href":"https:\/\/fello.pet\/es\/wp-json\/wp\/v2\/pages\/15270","targetHints":{"allow":["GET"]}}],"collection":[{"href":"https:\/\/fello.pet\/es\/wp-json\/wp\/v2\/pages"}],"about":[{"href":"https:\/\/fello.pet\/es\/wp-json\/wp\/v2\/types\/page"}],"author":[{"embeddable":true,"href":"https:\/\/fello.pet\/es\/wp-json\/wp\/v2\/users\/3"}],"replies":[{"embeddable":true,"href":"https:\/\/fello.pet\/es\/wp-json\/wp\/v2\/comments?post=15270"}],"version-history":[{"count":5,"href":"https:\/\/fello.pet\/es\/wp-json\/wp\/v2\/pages\/15270\/revisions"}],"predecessor-version":[{"id":15350,"href":"https:\/\/fello.pet\/es\/wp-json\/wp\/v2\/pages\/15270\/revisions\/15350"}],"wp:featuredmedia":[{"embeddable":true,"href":"https:\/\/fello.pet\/es\/wp-json\/wp\/v2\/media\/32"}],"wp:attachment":[{"href":"https:\/\/fello.pet\/es\/wp-json\/wp\/v2\/media?parent=15270"}],"curies":[{"name":"wp","href":"https:\/\/api.w.org\/{rel}","templated":true}]}}